{"id":501,"date":"2024-12-17T02:46:29","date_gmt":"2024-12-17T07:46:29","guid":{"rendered":"https:\/\/infonia.asesoriatics.com\/?page_id=501"},"modified":"2024-12-23T10:43:30","modified_gmt":"2024-12-23T15:43:30","slug":"desarrollo-formativo","status":"publish","type":"page","link":"https:\/\/infonia.esap.edu.co\/index.php\/innovaesap\/tendencias-mundiales-en-administracion-publica\/desarrollo-formativo\/","title":{"rendered":"Desarrollo Formativo"},"content":{"rendered":"\t\t<div data-elementor-type=\"wp-page\" data-elementor-id=\"501\" class=\"elementor elementor-501\" data-elementor-post-type=\"page\">\n\t\t\t\t<div class=\"elementor-element elementor-element-9af6c35 e-flex e-con-boxed e-con e-parent\" data-id=\"9af6c35\" data-element_type=\"container\">\n\t\t\t\t\t<div class=\"e-con-inner\">\n\t\t\t\t<div class=\"elementor-element elementor-element-691d8d9 elementor-widget elementor-widget-text-editor\" data-id=\"691d8d9\" data-element_type=\"widget\" data-widget_type=\"text-editor.default\">\n\t\t\t\t<div class=\"elementor-widget-container\">\n\t\t\t\t\t\t\t\t\t<p>Dentro del marco del proyecto de <em><strong>\u00abVisi\u00f3n Comparada de las Tendencias Investigativas de la Administraci\u00f3n P\u00fablica de la ESAP y el Mundo. Una mirada al periodo 2004-2024\u00bb<\/strong><\/em> de la mano con la estrategia de Gesti\u00f3n de conocimiento de postgrado, el Centro de Apoyo Acad\u00e9mico y la Direcci\u00f3n de Entornos Virtuales, se ha generado un espacio denominados caf\u00e9s charlados, en los cuales se hace un ejercicio formativo en herramientas t\u00e9cnicas y tecnol\u00f3gicas aplicadas a la administraci\u00f3n p\u00fablica que aportan una mirada innovadora donde quien desee puede participar. Si te interesa la transformaci\u00f3n digital, la innovaci\u00f3n y la gesti\u00f3n del conocimiento, ven participa, ent\u00e9rate, tu apoyo es importante para nuestro proyecto!!!!<\/p>\t\t\t\t\t\t\t\t<\/div>\n\t\t\t\t<\/div>\n\t\t\t\t\t<\/div>\n\t\t\t\t<\/div>\n\t\t<div class=\"elementor-element elementor-element-669b638 e-flex e-con-boxed e-con e-parent\" data-id=\"669b638\" data-element_type=\"container\">\n\t\t\t\t\t<div class=\"e-con-inner\">\n\t\t<div class=\"elementor-element elementor-element-a57c59b e-con-full e-flex e-con e-child\" data-id=\"a57c59b\" data-element_type=\"container\">\n\t\t\t\t<div class=\"elementor-element elementor-element-94da260 elementor-widget elementor-widget-text-editor\" data-id=\"94da260\" data-element_type=\"widget\" data-widget_type=\"text-editor.default\">\n\t\t\t\t<div class=\"elementor-widget-container\">\n\t\t\t\t\t\t\t\t\tA continuaci\u00f3n encontrara  los registros de nuestros talleres realizados  a la comunidad acad\u00e9mica y la  ciudadan\u00eda\t\t\t\t\t\t\t\t<\/div>\n\t\t\t\t<\/div>\n\t\t\t\t<div class=\"elementor-element elementor-element-0fc5dbf elementor-widget elementor-widget-shortcode\" data-id=\"0fc5dbf\" data-element_type=\"widget\" data-widget_type=\"shortcode.default\">\n\t\t\t\t<div class=\"elementor-widget-container\">\n\t\t\t\t\t\t\t<div class=\"elementor-shortcode\"><div data-yt data-yt-channel=\"https:\/\/www.youtube.com\/channel\/UCsDXXFW16Dxe7QqXHz6_Yhg\" data-yt-source-groups=\"%5B%7B%22name%22%3A%22Desarrollo%20Formativo%22%2C%22sources%22%3A%5B%22https%3A%5C%2F%5C%2Fwww.youtube.com%5C%2Fplaylist%3Flist%3DPL3Wr6Pblz26MYqfSd9zJRNdIpfiLnjpOm%22%5D%7D%5D\" data-yt-cache-time=\"3600\" data-yt-header-visible=\"false\" data-yt-groups-visible=\"false\" data-yt-content-columns=\"3\" data-yt-content-rows=\"1\" data-yt-content-gutter=\"20\" data-yt-content-search=\"false\" data-yt-content-transition-speed=\"600\" data-yt-content-auto=\"0\" data-yt-color-header-bg=\"rgb(255, 255, 255)\" data-yt-color-header-banner-overlay=\"rgba(255, 255, 255, 0.81)\" data-yt-color-header-channel-name=\"rgb(34, 34, 34)\" data-yt-color-header-channel-name-hover=\"rgb(47, 165, 255)\" data-yt-color-header-channel-description=\"rgb(34, 34, 34)\" data-yt-color-header-anchor=\"rgb(47, 165, 255)\" data-yt-color-header-anchor-hover=\"rgb(34, 34, 34)\" data-yt-color-header-counters=\"rgb(102, 102, 102)\" data-yt-color-groups-bg=\"rgb(255, 255, 255)\" data-yt-color-groups-link=\"rgb(79, 79, 79)\" data-yt-color-groups-link-hover=\"rgb(79, 79, 79)\" data-yt-color-groups-link-active=\"rgb(0, 0, 0)\" data-yt-color-groups-highlight=\"rgb(235, 235, 235)\" data-yt-color-groups-highlight-hover=\"rgb(255, 0, 0)\" data-yt-color-groups-highlight-active=\"rgb(255, 0, 0)\" data-yt-color-content-bg=\"rgb(255, 255, 255)\" data-yt-color-content-arrows=\"rgb(255, 255, 255)\" data-yt-color-content-arrows-hover=\"rgb(255, 0, 0)\" data-yt-color-content-arrows-bg=\"rgba(0, 0, 0, 0.4)\" data-yt-color-content-arrows-bg-hover=\"rgba(0, 0, 0, 0.8)\" data-yt-color-content-scrollbar-bg=\"rgb(204, 204, 204)\" data-yt-color-content-scrollbar-slider-bg=\"rgba(0, 0, 0, 0.4)\" data-yt-color-video-bg=\"rgb(243, 243, 243)\" data-yt-color-video-overlay=\"rgba(255, 255, 255, 0.9)\" data-yt-color-video-play-icon=\"rgba(255, 255, 255, 0.4)\" data-yt-color-video-play-icon-hover=\"rgba(255, 255, 255, 0.8)\" data-yt-color-video-duration=\"rgb(255, 255, 255)\" data-yt-color-video-duration-bg=\"rgba(34, 34, 34, 0.81)\" data-yt-color-video-title=\"rgb(26, 137, 222)\" data-yt-color-video-title-hover=\"rgb(47, 165, 255)\" data-yt-color-video-date=\"rgb(140, 140, 140)\" data-yt-color-video-description=\"rgb(34, 34, 34)\" data-yt-color-video-anchor=\"rgb(26, 137, 222)\" data-yt-color-video-anchor-hover=\"rgb(47, 165, 255)\" data-yt-color-video-counters=\"rgb(149, 149, 149)\" data-yt-color-popup-bg=\"rgb(255, 255, 255)\" data-yt-color-popup-overlay=\"rgba(0, 0, 0, 0.7)\" data-yt-color-popup-title=\"rgb(34, 34, 34)\" data-yt-color-popup-channel-name=\"rgb(34, 34, 34)\" data-yt-color-popup-channel-name-hover=\"rgb(47, 165, 255)\" data-yt-color-popup-views-counter=\"rgb(85, 85, 85)\" data-yt-color-popup-likes-ratio=\"rgb(47, 165, 255)\" data-yt-color-popup-dislikes-ratio=\"rgb(207, 207, 207)\" data-yt-color-popup-likes-counter=\"rgb(144, 144, 144)\" data-yt-color-popup-dislikes-counter=\"rgb(144, 144, 144)\" data-yt-color-popup-date=\"rgb(34, 34, 34)\" data-yt-color-popup-description=\"rgb(34, 34, 34)\" data-yt-color-popup-anchor=\"rgb(26, 137, 222)\" data-yt-color-popup-anchor-hover=\"rgb(47, 165, 255)\" data-yt-color-popup-description-more-button=\"rgb(102, 102, 102)\" data-yt-color-popup-description-more-button-hover=\"rgb(34, 34, 34)\" data-yt-color-popup-comments-username=\"rgb(34, 34, 34)\" data-yt-color-popup-comments-username-hover=\"rgb(47, 165, 255)\" data-yt-color-popup-comments-passed-time=\"rgb(115, 115, 115)\" data-yt-color-popup-comments-text=\"rgb(34, 34, 34)\" data-yt-color-popup-comments-likes=\"rgb(180, 180, 180)\" data-yt-color-popup-controls=\"rgb(160, 160, 160)\" data-yt-color-popup-controls-hover=\"rgb(220, 220, 220)\" data-yt-color-popup-controls-mobile=\"rgb(220, 220, 220)\" data-yt-color-popup-controls-mobile-bg=\"rgba(255, 255, 255, 0)\" data-yt-key=\"AIzaSyBRnsPrUPFbqB3KAJn6YGbgBm0_SoqsY88\"><\/div><\/div>\n\t\t\t\t\t\t<\/div>\n\t\t\t\t<\/div>\n\t\t\t\t<\/div>\n\t\t<div class=\"elementor-element elementor-element-f9dc687 e-con-full e-flex e-con e-child\" data-id=\"f9dc687\" data-element_type=\"container\">\n\t\t\t\t<div class=\"elementor-element elementor-element-dff4c5d elementor-widget elementor-widget-heading\" data-id=\"dff4c5d\" data-element_type=\"widget\" data-widget_type=\"heading.default\">\n\t\t\t\t<div class=\"elementor-widget-container\">\n\t\t\t\t\t<h3 class=\"elementor-heading-title elementor-size-default\">Recorridos de Apoyo Institucional\n<\/h3>\t\t\t\t<\/div>\n\t\t\t\t<\/div>\n\t\t\t\t<div class=\"elementor-element elementor-element-0e51067 elementor-widget elementor-widget-text-editor\" data-id=\"0e51067\" data-element_type=\"widget\" data-widget_type=\"text-editor.default\">\n\t\t\t\t<div class=\"elementor-widget-container\">\n\t\t\t\t\t\t\t\t\tCon nuestro estrategia de  investigaci\u00f3n y gesti\u00f3n de conocimiento  se potencian ejercicios colaborativos con diferentes \u00e1reas de la ESAP en la  cual se buscan  identificar insumos  para la investigaci\u00f3n, el aprendizaje y la  generaci\u00f3n de capacidades instaladas que permitan  reforzar la labor de la Escuela  en el plano acad\u00e9mico, pero tambi\u00e9n  a nivel de gesti\u00f3n institucional y gesti\u00f3n investigativa lo  que permite un dialogo colaborativo y de aporte con  \u00e1reas como: Planeaci\u00f3n, Aulas Virtuales, subdirecci\u00f3n acad\u00e9mica y el centro de apoyo acad\u00e9mico de la decanatura de posgrados.\t\t\t\t\t\t\t\t<\/div>\n\t\t\t\t<\/div>\n\t\t\t\t<div class=\"elementor-element elementor-element-faf7837 gallery-spacing-custom elementor-widget elementor-widget-image-gallery\" data-id=\"faf7837\" data-element_type=\"widget\" data-widget_type=\"image-gallery.default\">\n\t\t\t\t<div class=\"elementor-widget-container\">\n\t\t\t\t\t\t\t<div class=\"elementor-image-gallery\">\n\t\t\t<div id='gallery-1' class='gallery galleryid-501 gallery-columns-2 gallery-size-full'><figure class='gallery-item'>\n\t\t\t<div class='gallery-icon landscape'>\n\t\t\t\t<a data-elementor-open-lightbox=\"yes\" data-elementor-lightbox-slideshow=\"faf7837\" data-elementor-lightbox-title=\"desarrollo1\" data-e-action-hash=\"#elementor-action%3Aaction%3Dlightbox%26settings%3DeyJpZCI6NTA1LCJ1cmwiOiJodHRwczpcL1wvaW5mb25pYS5lc2FwLmVkdS5jb1wvd3AtY29udGVudFwvdXBsb2Fkc1wvMjAyNFwvMTJcL2Rlc2Fycm9sbG8xLndlYnAiLCJzbGlkZXNob3ciOiJmYWY3ODM3In0%3D\" href='https:\/\/infonia.esap.edu.co\/wp-content\/uploads\/2024\/12\/desarrollo1.webp'><img fetchpriority=\"high\" decoding=\"async\" width=\"400\" height=\"300\" src=\"https:\/\/infonia.esap.edu.co\/wp-content\/uploads\/2024\/12\/desarrollo1.webp\" class=\"attachment-full size-full\" alt=\"\" srcset=\"https:\/\/infonia.esap.edu.co\/wp-content\/uploads\/2024\/12\/desarrollo1.webp 400w, https:\/\/infonia.esap.edu.co\/wp-content\/uploads\/2024\/12\/desarrollo1-300x225.webp 300w\" sizes=\"(max-width: 400px) 100vw, 400px\" \/><\/a>\n\t\t\t<\/div><\/figure><figure class='gallery-item'>\n\t\t\t<div class='gallery-icon landscape'>\n\t\t\t\t<a data-elementor-open-lightbox=\"yes\" data-elementor-lightbox-slideshow=\"faf7837\" data-elementor-lightbox-title=\"desarrollo1\" data-e-action-hash=\"#elementor-action%3Aaction%3Dlightbox%26settings%3DeyJpZCI6NTA2LCJ1cmwiOiJodHRwczpcL1wvaW5mb25pYS5lc2FwLmVkdS5jb1wvd3AtY29udGVudFwvdXBsb2Fkc1wvMjAyNFwvMTJcL2Rlc2Fycm9sbG8xLTEud2VicCIsInNsaWRlc2hvdyI6ImZhZjc4MzcifQ%3D%3D\" href='https:\/\/infonia.esap.edu.co\/wp-content\/uploads\/2024\/12\/desarrollo1-1.webp'><img decoding=\"async\" width=\"400\" height=\"300\" src=\"https:\/\/infonia.esap.edu.co\/wp-content\/uploads\/2024\/12\/desarrollo1-1.webp\" class=\"attachment-full size-full\" alt=\"\" srcset=\"https:\/\/infonia.esap.edu.co\/wp-content\/uploads\/2024\/12\/desarrollo1-1.webp 400w, https:\/\/infonia.esap.edu.co\/wp-content\/uploads\/2024\/12\/desarrollo1-1-300x225.webp 300w\" sizes=\"(max-width: 400px) 100vw, 400px\" \/><\/a>\n\t\t\t<\/div><\/figure><figure class='gallery-item'>\n\t\t\t<div class='gallery-icon landscape'>\n\t\t\t\t<a data-elementor-open-lightbox=\"yes\" data-elementor-lightbox-slideshow=\"faf7837\" data-elementor-lightbox-title=\"desarrollo2\" data-e-action-hash=\"#elementor-action%3Aaction%3Dlightbox%26settings%3DeyJpZCI6NTA3LCJ1cmwiOiJodHRwczpcL1wvaW5mb25pYS5lc2FwLmVkdS5jb1wvd3AtY29udGVudFwvdXBsb2Fkc1wvMjAyNFwvMTJcL2Rlc2Fycm9sbG8yLndlYnAiLCJzbGlkZXNob3ciOiJmYWY3ODM3In0%3D\" href='https:\/\/infonia.esap.edu.co\/wp-content\/uploads\/2024\/12\/desarrollo2.webp'><img decoding=\"async\" width=\"400\" height=\"266\" src=\"https:\/\/infonia.esap.edu.co\/wp-content\/uploads\/2024\/12\/desarrollo2.webp\" class=\"attachment-full size-full\" alt=\"\" srcset=\"https:\/\/infonia.esap.edu.co\/wp-content\/uploads\/2024\/12\/desarrollo2.webp 400w, https:\/\/infonia.esap.edu.co\/wp-content\/uploads\/2024\/12\/desarrollo2-300x200.webp 300w\" sizes=\"(max-width: 400px) 100vw, 400px\" \/><\/a>\n\t\t\t<\/div><\/figure>\n\t\t<\/div>\n\t\t<\/div>\n\t\t\t\t\t\t<\/div>\n\t\t\t\t<\/div>\n\t\t\t\t<\/div>\n\t\t\t\t\t<\/div>\n\t\t\t\t<\/div>\n\t\t\t\t<\/div>\n\t\t","protected":false},"excerpt":{"rendered":"<p>Dentro del marco del proyecto de \u00abVisi\u00f3n Comparada de las Tendencias Investigativas de la Administraci\u00f3n P\u00fablica de la ESAP y el Mundo. Una mirada al periodo 2004-2024\u00bb de la mano con la estrategia de Gesti\u00f3n de conocimiento de postgrado, el Centro de Apoyo Acad\u00e9mico y la Direcci\u00f3n de Entornos Virtuales, se ha generado un espacio [&hellip;]<\/p>\n","protected":false},"author":2,"featured_media":480,"parent":418,"menu_order":0,"comment_status":"closed","ping_status":"closed","template":"","meta":{"ocean_post_layout":"","ocean_both_sidebars_style":"","ocean_both_sidebars_content_width":0,"ocean_both_sidebars_sidebars_width":0,"ocean_sidebar":"","ocean_second_sidebar":"","ocean_disable_margins":"enable","ocean_add_body_class":"","ocean_shortcode_before_top_bar":"","ocean_shortcode_after_top_bar":"","ocean_shortcode_before_header":"","ocean_shortcode_after_header":"","ocean_has_shortcode":"","ocean_shortcode_after_title":"","ocean_shortcode_before_footer_widgets":"","ocean_shortcode_after_footer_widgets":"","ocean_shortcode_before_footer_bottom":"","ocean_shortcode_after_footer_bottom":"","ocean_display_top_bar":"default","ocean_display_header":"default","ocean_header_style":"","ocean_center_header_left_menu":"","ocean_custom_header_template":"","ocean_custom_logo":0,"ocean_custom_retina_logo":0,"ocean_custom_logo_max_width":0,"ocean_custom_logo_tablet_max_width":0,"ocean_custom_logo_mobile_max_width":0,"ocean_custom_logo_max_height":0,"ocean_custom_logo_tablet_max_height":0,"ocean_custom_logo_mobile_max_height":0,"ocean_header_custom_menu":"","ocean_menu_typo_font_family":"","ocean_menu_typo_font_subset":"","ocean_menu_typo_font_size":0,"ocean_menu_typo_font_size_tablet":0,"ocean_menu_typo_font_size_mobile":0,"ocean_menu_typo_font_size_unit":"px","ocean_menu_typo_font_weight":"","ocean_menu_typo_font_weight_tablet":"","ocean_menu_typo_font_weight_mobile":"","ocean_menu_typo_transform":"","ocean_menu_typo_transform_tablet":"","ocean_menu_typo_transform_mobile":"","ocean_menu_typo_line_height":0,"ocean_menu_typo_line_height_tablet":0,"ocean_menu_typo_line_height_mobile":0,"ocean_menu_typo_line_height_unit":"","ocean_menu_typo_spacing":0,"ocean_menu_typo_spacing_tablet":0,"ocean_menu_typo_spacing_mobile":0,"ocean_menu_typo_spacing_unit":"","ocean_menu_link_color":"","ocean_menu_link_color_hover":"","ocean_menu_link_color_active":"","ocean_menu_link_background":"","ocean_menu_link_hover_background":"","ocean_menu_link_active_background":"","ocean_menu_social_links_bg":"","ocean_menu_social_hover_links_bg":"","ocean_menu_social_links_color":"","ocean_menu_social_hover_links_color":"","ocean_disable_title":"default","ocean_disable_heading":"default","ocean_post_title":"","ocean_post_subheading":"","ocean_post_title_style":"","ocean_post_title_background_color":"","ocean_post_title_background":0,"ocean_post_title_bg_image_position":"","ocean_post_title_bg_image_attachment":"","ocean_post_title_bg_image_repeat":"","ocean_post_title_bg_image_size":"","ocean_post_title_height":0,"ocean_post_title_bg_overlay":0.5,"ocean_post_title_bg_overlay_color":"","ocean_disable_breadcrumbs":"default","ocean_breadcrumbs_color":"","ocean_breadcrumbs_separator_color":"","ocean_breadcrumbs_links_color":"","ocean_breadcrumbs_links_hover_color":"","ocean_display_footer_widgets":"default","ocean_display_footer_bottom":"default","ocean_custom_footer_template":"","footnotes":""},"class_list":["post-501","page","type-page","status-publish","has-post-thumbnail","hentry","entry","has-media"],"yoast_head":"<!-- This site is optimized with the Yoast SEO plugin v25.9 - https:\/\/yoast.com\/wordpress\/plugins\/seo\/ -->\n<title>Desarrollo Formativo - INFONIA<\/title>\n<meta name=\"robots\" content=\"index, follow, max-snippet:-1, max-image-preview:large, max-video-preview:-1\" \/>\n<link rel=\"canonical\" href=\"https:\/\/infonia.esap.edu.co\/index.php\/innovaesap\/tendencias-mundiales-en-administracion-publica\/desarrollo-formativo\/\" \/>\n<meta property=\"og:locale\" content=\"es_ES\" \/>\n<meta property=\"og:type\" content=\"article\" \/>\n<meta property=\"og:title\" content=\"Desarrollo Formativo - INFONIA\" \/>\n<meta property=\"og:description\" content=\"Dentro del marco del proyecto de \u00abVisi\u00f3n Comparada de las Tendencias Investigativas de la Administraci\u00f3n P\u00fablica de la ESAP y el Mundo. Una mirada al periodo 2004-2024\u00bb de la mano con la estrategia de Gesti\u00f3n de conocimiento de postgrado, el Centro de Apoyo Acad\u00e9mico y la Direcci\u00f3n de Entornos Virtuales, se ha generado un espacio [&hellip;]\" \/>\n<meta property=\"og:url\" content=\"https:\/\/infonia.esap.edu.co\/index.php\/innovaesap\/tendencias-mundiales-en-administracion-publica\/desarrollo-formativo\/\" \/>\n<meta property=\"og:site_name\" content=\"INFONIA\" \/>\n<meta property=\"article:modified_time\" content=\"2024-12-23T15:43:30+00:00\" \/>\n<meta property=\"og:image\" content=\"https:\/\/infonia.esap.edu.co\/wp-content\/uploads\/2024\/12\/03.jpeg\" \/>\n\t<meta property=\"og:image:width\" content=\"1280\" \/>\n\t<meta property=\"og:image:height\" content=\"665\" \/>\n\t<meta property=\"og:image:type\" content=\"image\/jpeg\" \/>\n<meta name=\"twitter:card\" content=\"summary_large_image\" \/>\n<meta name=\"twitter:label1\" content=\"Tiempo de lectura\" \/>\n\t<meta name=\"twitter:data1\" content=\"1 minuto\" \/>\n<script type=\"application\/ld+json\" class=\"yoast-schema-graph\">{\"@context\":\"https:\/\/schema.org\",\"@graph\":[{\"@type\":\"WebPage\",\"@id\":\"https:\/\/infonia.esap.edu.co\/index.php\/innovaesap\/tendencias-mundiales-en-administracion-publica\/desarrollo-formativo\/\",\"url\":\"https:\/\/infonia.esap.edu.co\/index.php\/innovaesap\/tendencias-mundiales-en-administracion-publica\/desarrollo-formativo\/\",\"name\":\"Desarrollo Formativo - INFONIA\",\"isPartOf\":{\"@id\":\"https:\/\/infonia.esap.edu.co\/#website\"},\"primaryImageOfPage\":{\"@id\":\"https:\/\/infonia.esap.edu.co\/index.php\/innovaesap\/tendencias-mundiales-en-administracion-publica\/desarrollo-formativo\/#primaryimage\"},\"image\":{\"@id\":\"https:\/\/infonia.esap.edu.co\/index.php\/innovaesap\/tendencias-mundiales-en-administracion-publica\/desarrollo-formativo\/#primaryimage\"},\"thumbnailUrl\":\"https:\/\/infonia.esap.edu.co\/wp-content\/uploads\/2024\/12\/03.jpeg\",\"datePublished\":\"2024-12-17T07:46:29+00:00\",\"dateModified\":\"2024-12-23T15:43:30+00:00\",\"breadcrumb\":{\"@id\":\"https:\/\/infonia.esap.edu.co\/index.php\/innovaesap\/tendencias-mundiales-en-administracion-publica\/desarrollo-formativo\/#breadcrumb\"},\"inLanguage\":\"es\",\"potentialAction\":[{\"@type\":\"ReadAction\",\"target\":[\"https:\/\/infonia.esap.edu.co\/index.php\/innovaesap\/tendencias-mundiales-en-administracion-publica\/desarrollo-formativo\/\"]}]},{\"@type\":\"ImageObject\",\"inLanguage\":\"es\",\"@id\":\"https:\/\/infonia.esap.edu.co\/index.php\/innovaesap\/tendencias-mundiales-en-administracion-publica\/desarrollo-formativo\/#primaryimage\",\"url\":\"https:\/\/infonia.esap.edu.co\/wp-content\/uploads\/2024\/12\/03.jpeg\",\"contentUrl\":\"https:\/\/infonia.esap.edu.co\/wp-content\/uploads\/2024\/12\/03.jpeg\",\"width\":1280,\"height\":665},{\"@type\":\"BreadcrumbList\",\"@id\":\"https:\/\/infonia.esap.edu.co\/index.php\/innovaesap\/tendencias-mundiales-en-administracion-publica\/desarrollo-formativo\/#breadcrumb\",\"itemListElement\":[{\"@type\":\"ListItem\",\"position\":1,\"name\":\"Inicio\",\"item\":\"https:\/\/infonia.esap.edu.co\/\"},{\"@type\":\"ListItem\",\"position\":2,\"name\":\"InnovaESAP\",\"item\":\"https:\/\/infonia.esap.edu.co\/index.php\/innovaesap\/\"},{\"@type\":\"ListItem\",\"position\":3,\"name\":\"Tendencias a Ecosistema de Innovaci\u00f3n\",\"item\":\"https:\/\/infonia.esap.edu.co\/index.php\/innovaesap\/tendencias-mundiales-en-administracion-publica\/\"},{\"@type\":\"ListItem\",\"position\":4,\"name\":\"Desarrollo Formativo\"}]},{\"@type\":\"WebSite\",\"@id\":\"https:\/\/infonia.esap.edu.co\/#website\",\"url\":\"https:\/\/infonia.esap.edu.co\/\",\"name\":\"INFONIA GesCo+I\",\"description\":\"Infonia ESAP\",\"publisher\":{\"@id\":\"https:\/\/infonia.esap.edu.co\/#organization\"},\"alternateName\":\"Gesti\u00f3n del Conocimiento y la Innovaci\u00f3n GesCo+I\",\"potentialAction\":[{\"@type\":\"SearchAction\",\"target\":{\"@type\":\"EntryPoint\",\"urlTemplate\":\"https:\/\/infonia.esap.edu.co\/?s={search_term_string}\"},\"query-input\":{\"@type\":\"PropertyValueSpecification\",\"valueRequired\":true,\"valueName\":\"search_term_string\"}}],\"inLanguage\":\"es\"},{\"@type\":\"Organization\",\"@id\":\"https:\/\/infonia.esap.edu.co\/#organization\",\"name\":\"Gesti\u00f3n del Conocimiento y la Innovaci\u00f3n GesCo+I\",\"url\":\"https:\/\/infonia.esap.edu.co\/\",\"logo\":{\"@type\":\"ImageObject\",\"inLanguage\":\"es\",\"@id\":\"https:\/\/infonia.esap.edu.co\/#\/schema\/logo\/image\/\",\"url\":\"https:\/\/infonia.esap.edu.co\/wp-content\/uploads\/2024\/06\/cropped-cropped-LOGO_INFONIA_2024.png\",\"contentUrl\":\"https:\/\/infonia.esap.edu.co\/wp-content\/uploads\/2024\/06\/cropped-cropped-LOGO_INFONIA_2024.png\",\"width\":1068,\"height\":470,\"caption\":\"Gesti\u00f3n del Conocimiento y la Innovaci\u00f3n GesCo+I\"},\"image\":{\"@id\":\"https:\/\/infonia.esap.edu.co\/#\/schema\/logo\/image\/\"}}]}<\/script>\n<!-- \/ Yoast SEO plugin. -->","yoast_head_json":{"title":"Desarrollo Formativo - INFONIA","robots":{"index":"index","follow":"follow","max-snippet":"max-snippet:-1","max-image-preview":"max-image-preview:large","max-video-preview":"max-video-preview:-1"},"canonical":"https:\/\/infonia.esap.edu.co\/index.php\/innovaesap\/tendencias-mundiales-en-administracion-publica\/desarrollo-formativo\/","og_locale":"es_ES","og_type":"article","og_title":"Desarrollo Formativo - INFONIA","og_description":"Dentro del marco del proyecto de \u00abVisi\u00f3n Comparada de las Tendencias Investigativas de la Administraci\u00f3n P\u00fablica de la ESAP y el Mundo. Una mirada al periodo 2004-2024\u00bb de la mano con la estrategia de Gesti\u00f3n de conocimiento de postgrado, el Centro de Apoyo Acad\u00e9mico y la Direcci\u00f3n de Entornos Virtuales, se ha generado un espacio [&hellip;]","og_url":"https:\/\/infonia.esap.edu.co\/index.php\/innovaesap\/tendencias-mundiales-en-administracion-publica\/desarrollo-formativo\/","og_site_name":"INFONIA","article_modified_time":"2024-12-23T15:43:30+00:00","og_image":[{"width":1280,"height":665,"url":"https:\/\/infonia.esap.edu.co\/wp-content\/uploads\/2024\/12\/03.jpeg","type":"image\/jpeg"}],"twitter_card":"summary_large_image","twitter_misc":{"Tiempo de lectura":"1 minuto"},"schema":{"@context":"https:\/\/schema.org","@graph":[{"@type":"WebPage","@id":"https:\/\/infonia.esap.edu.co\/index.php\/innovaesap\/tendencias-mundiales-en-administracion-publica\/desarrollo-formativo\/","url":"https:\/\/infonia.esap.edu.co\/index.php\/innovaesap\/tendencias-mundiales-en-administracion-publica\/desarrollo-formativo\/","name":"Desarrollo Formativo - INFONIA","isPartOf":{"@id":"https:\/\/infonia.esap.edu.co\/#website"},"primaryImageOfPage":{"@id":"https:\/\/infonia.esap.edu.co\/index.php\/innovaesap\/tendencias-mundiales-en-administracion-publica\/desarrollo-formativo\/#primaryimage"},"image":{"@id":"https:\/\/infonia.esap.edu.co\/index.php\/innovaesap\/tendencias-mundiales-en-administracion-publica\/desarrollo-formativo\/#primaryimage"},"thumbnailUrl":"https:\/\/infonia.esap.edu.co\/wp-content\/uploads\/2024\/12\/03.jpeg","datePublished":"2024-12-17T07:46:29+00:00","dateModified":"2024-12-23T15:43:30+00:00","breadcrumb":{"@id":"https:\/\/infonia.esap.edu.co\/index.php\/innovaesap\/tendencias-mundiales-en-administracion-publica\/desarrollo-formativo\/#breadcrumb"},"inLanguage":"es","potentialAction":[{"@type":"ReadAction","target":["https:\/\/infonia.esap.edu.co\/index.php\/innovaesap\/tendencias-mundiales-en-administracion-publica\/desarrollo-formativo\/"]}]},{"@type":"ImageObject","inLanguage":"es","@id":"https:\/\/infonia.esap.edu.co\/index.php\/innovaesap\/tendencias-mundiales-en-administracion-publica\/desarrollo-formativo\/#primaryimage","url":"https:\/\/infonia.esap.edu.co\/wp-content\/uploads\/2024\/12\/03.jpeg","contentUrl":"https:\/\/infonia.esap.edu.co\/wp-content\/uploads\/2024\/12\/03.jpeg","width":1280,"height":665},{"@type":"BreadcrumbList","@id":"https:\/\/infonia.esap.edu.co\/index.php\/innovaesap\/tendencias-mundiales-en-administracion-publica\/desarrollo-formativo\/#breadcrumb","itemListElement":[{"@type":"ListItem","position":1,"name":"Inicio","item":"https:\/\/infonia.esap.edu.co\/"},{"@type":"ListItem","position":2,"name":"InnovaESAP","item":"https:\/\/infonia.esap.edu.co\/index.php\/innovaesap\/"},{"@type":"ListItem","position":3,"name":"Tendencias a Ecosistema de Innovaci\u00f3n","item":"https:\/\/infonia.esap.edu.co\/index.php\/innovaesap\/tendencias-mundiales-en-administracion-publica\/"},{"@type":"ListItem","position":4,"name":"Desarrollo Formativo"}]},{"@type":"WebSite","@id":"https:\/\/infonia.esap.edu.co\/#website","url":"https:\/\/infonia.esap.edu.co\/","name":"INFONIA GesCo+I","description":"Infonia ESAP","publisher":{"@id":"https:\/\/infonia.esap.edu.co\/#organization"},"alternateName":"Gesti\u00f3n del Conocimiento y la Innovaci\u00f3n GesCo+I","potentialAction":[{"@type":"SearchAction","target":{"@type":"EntryPoint","urlTemplate":"https:\/\/infonia.esap.edu.co\/?s={search_term_string}"},"query-input":{"@type":"PropertyValueSpecification","valueRequired":true,"valueName":"search_term_string"}}],"inLanguage":"es"},{"@type":"Organization","@id":"https:\/\/infonia.esap.edu.co\/#organization","name":"Gesti\u00f3n del Conocimiento y la Innovaci\u00f3n GesCo+I","url":"https:\/\/infonia.esap.edu.co\/","logo":{"@type":"ImageObject","inLanguage":"es","@id":"https:\/\/infonia.esap.edu.co\/#\/schema\/logo\/image\/","url":"https:\/\/infonia.esap.edu.co\/wp-content\/uploads\/2024\/06\/cropped-cropped-LOGO_INFONIA_2024.png","contentUrl":"https:\/\/infonia.esap.edu.co\/wp-content\/uploads\/2024\/06\/cropped-cropped-LOGO_INFONIA_2024.png","width":1068,"height":470,"caption":"Gesti\u00f3n del Conocimiento y la Innovaci\u00f3n GesCo+I"},"image":{"@id":"https:\/\/infonia.esap.edu.co\/#\/schema\/logo\/image\/"}}]}},"_links":{"self":[{"href":"https:\/\/infonia.esap.edu.co\/index.php\/wp-json\/wp\/v2\/pages\/501","targetHints":{"allow":["GET"]}}],"collection":[{"href":"https:\/\/infonia.esap.edu.co\/index.php\/wp-json\/wp\/v2\/pages"}],"about":[{"href":"https:\/\/infonia.esap.edu.co\/index.php\/wp-json\/wp\/v2\/types\/page"}],"author":[{"embeddable":true,"href":"https:\/\/infonia.esap.edu.co\/index.php\/wp-json\/wp\/v2\/users\/2"}],"replies":[{"embeddable":true,"href":"https:\/\/infonia.esap.edu.co\/index.php\/wp-json\/wp\/v2\/comments?post=501"}],"version-history":[{"count":0,"href":"https:\/\/infonia.esap.edu.co\/index.php\/wp-json\/wp\/v2\/pages\/501\/revisions"}],"up":[{"embeddable":true,"href":"https:\/\/infonia.esap.edu.co\/index.php\/wp-json\/wp\/v2\/pages\/418"}],"wp:featuredmedia":[{"embeddable":true,"href":"https:\/\/infonia.esap.edu.co\/index.php\/wp-json\/wp\/v2\/media\/480"}],"wp:attachment":[{"href":"https:\/\/infonia.esap.edu.co\/index.php\/wp-json\/wp\/v2\/media?parent=501"}],"curies":[{"name":"wp","href":"https:\/\/api.w.org\/{rel}","templated":true}]}}