{"id":578,"date":"2024-12-17T10:29:52","date_gmt":"2024-12-17T15:29:52","guid":{"rendered":"https:\/\/infonia.asesoriatics.com\/?page_id=563"},"modified":"2024-12-17T10:29:52","modified_gmt":"2024-12-17T15:29:52","slug":"avance-general","status":"publish","type":"page","link":"https:\/\/infonia.esap.edu.co\/index.php\/innovaesap\/tendencias-mundiales-en-administracion-publica\/avance-general\/","title":{"rendered":"Avance General"},"content":{"rendered":"\t\t<div data-elementor-type=\"wp-page\" data-elementor-id=\"578\" class=\"elementor elementor-578\" data-elementor-post-type=\"page\">\n\t\t\t\t<div class=\"elementor-element elementor-element-81668e2 e-flex e-con-boxed e-con e-parent\" data-id=\"81668e2\" data-element_type=\"container\">\n\t\t\t\t\t<div class=\"e-con-inner\">\n\t\t\t\t<div class=\"elementor-element elementor-element-114e647 elementor-widget elementor-widget-heading\" data-id=\"114e647\" data-element_type=\"widget\" data-widget_type=\"heading.default\">\n\t\t\t\t<div class=\"elementor-widget-container\">\n\t\t\t\t\t<h2 class=\"elementor-heading-title elementor-size-default\">Contexto General<\/h2>\t\t\t\t<\/div>\n\t\t\t\t<\/div>\n\t\t\t\t<div class=\"elementor-element elementor-element-058e40b elementor-widget elementor-widget-text-editor\" data-id=\"058e40b\" data-element_type=\"widget\" data-widget_type=\"text-editor.default\">\n\t\t\t\t<div class=\"elementor-widget-container\">\n\t\t\t\t\t\t\t\t\tAl realizar el rastreo de informaci\u00f3n por medio de la plataforma de SCOPUS, en el cual  se logra constatar un total de  30.074 productos de investigaci\u00f3n  de los contexto de Asia, Europa, \u00c1frica, y Am\u00e9rica,  esto permite tener una visualizaci\u00f3n de la red conceptual  b\u00e1sica que se  puede identificar de la siguiente manera\t\t\t\t\t\t\t\t<\/div>\n\t\t\t\t<\/div>\n\t\t\t\t\t<\/div>\n\t\t\t\t<\/div>\n\t\t<div class=\"elementor-element elementor-element-09c643e e-flex e-con-boxed e-con e-parent\" data-id=\"09c643e\" data-element_type=\"container\">\n\t\t\t\t\t<div class=\"e-con-inner\">\n\t\t<div class=\"elementor-element elementor-element-8b4e2d0 e-con-full e-flex e-con e-child\" data-id=\"8b4e2d0\" data-element_type=\"container\">\n\t\t\t\t<div class=\"elementor-element elementor-element-c8d9177 elementor-widget elementor-widget-image\" data-id=\"c8d9177\" data-element_type=\"widget\" data-widget_type=\"image.default\">\n\t\t\t\t<div class=\"elementor-widget-container\">\n\t\t\t\t\t\t\t\t\t\t\t\t\t\t\t<img fetchpriority=\"high\" decoding=\"async\" width=\"921\" height=\"489\" src=\"https:\/\/infonia.esap.edu.co\/wp-content\/uploads\/2024\/12\/graf1.webp\" class=\"attachment-large size-large wp-image-565\" alt=\"\" srcset=\"https:\/\/infonia.esap.edu.co\/wp-content\/uploads\/2024\/12\/graf1.webp 921w, https:\/\/infonia.esap.edu.co\/wp-content\/uploads\/2024\/12\/graf1-300x159.webp 300w, https:\/\/infonia.esap.edu.co\/wp-content\/uploads\/2024\/12\/graf1-768x408.webp 768w\" sizes=\"(max-width: 921px) 100vw, 921px\" \/>\t\t\t\t\t\t\t\t\t\t\t\t\t\t\t<\/div>\n\t\t\t\t<\/div>\n\t\t\t\t<\/div>\n\t\t<div class=\"elementor-element elementor-element-207c994 e-con-full e-flex e-con e-child\" data-id=\"207c994\" data-element_type=\"container\">\n\t\t\t\t<div class=\"elementor-element elementor-element-e25706b elementor-widget elementor-widget-image\" data-id=\"e25706b\" data-element_type=\"widget\" data-widget_type=\"image.default\">\n\t\t\t\t<div class=\"elementor-widget-container\">\n\t\t\t\t\t\t\t\t\t\t\t\t\t\t\t<img decoding=\"async\" width=\"921\" height=\"489\" src=\"https:\/\/infonia.esap.edu.co\/wp-content\/uploads\/2024\/12\/graf1-1.webp\" class=\"attachment-large size-large wp-image-566\" alt=\"\" srcset=\"https:\/\/infonia.esap.edu.co\/wp-content\/uploads\/2024\/12\/graf1-1.webp 921w, https:\/\/infonia.esap.edu.co\/wp-content\/uploads\/2024\/12\/graf1-1-300x159.webp 300w, https:\/\/infonia.esap.edu.co\/wp-content\/uploads\/2024\/12\/graf1-1-768x408.webp 768w\" sizes=\"(max-width: 921px) 100vw, 921px\" \/>\t\t\t\t\t\t\t\t\t\t\t\t\t\t\t<\/div>\n\t\t\t\t<\/div>\n\t\t\t\t<\/div>\n\t\t\t\t\t<\/div>\n\t\t\t\t<\/div>\n\t\t<div class=\"elementor-element elementor-element-b155557 e-flex e-con-boxed e-con e-parent\" data-id=\"b155557\" data-element_type=\"container\">\n\t\t\t\t\t<div class=\"e-con-inner\">\n\t\t\t\t<div class=\"elementor-element elementor-element-653c8cd elementor-widget elementor-widget-text-editor\" data-id=\"653c8cd\" data-element_type=\"widget\" data-widget_type=\"text-editor.default\">\n\t\t\t\t<div class=\"elementor-widget-container\">\n\t\t\t\t\t\t\t\t\tDe manera complementaria,  dentro de la producci\u00f3n de la ESAP se logra constatar con la Biblioteca un total de 2437 trabajos de grado, y  con la subdirecci\u00f3n de servicios acad\u00e9micos  se logra identificar un total de 236 documentos de producci\u00f3n docente\t\t\t\t\t\t\t\t<\/div>\n\t\t\t\t<\/div>\n\t\t\t\t\t<\/div>\n\t\t\t\t<\/div>\n\t\t<div class=\"elementor-element elementor-element-fd6034b e-flex e-con-boxed e-con e-parent\" data-id=\"fd6034b\" data-element_type=\"container\">\n\t\t\t\t\t<div class=\"e-con-inner\">\n\t\t<div class=\"elementor-element elementor-element-83b48b7 e-con-full e-flex e-con e-child\" data-id=\"83b48b7\" data-element_type=\"container\">\n\t\t\t\t<div class=\"elementor-element elementor-element-308c772 elementor-widget elementor-widget-heading\" data-id=\"308c772\" data-element_type=\"widget\" data-widget_type=\"heading.default\">\n\t\t\t\t<div class=\"elementor-widget-container\">\n\t\t\t\t\t<h4 class=\"elementor-heading-title elementor-size-default\">Red conceptual  de Trabajos de Grados de la ESAP<\/h4>\t\t\t\t<\/div>\n\t\t\t\t<\/div>\n\t\t\t\t<div class=\"elementor-element elementor-element-bfe7fb8 elementor-widget elementor-widget-image\" data-id=\"bfe7fb8\" data-element_type=\"widget\" data-widget_type=\"image.default\">\n\t\t\t\t<div class=\"elementor-widget-container\">\n\t\t\t\t\t\t\t\t\t\t\t\t\t\t\t<img decoding=\"async\" width=\"960\" height=\"501\" src=\"https:\/\/infonia.esap.edu.co\/wp-content\/uploads\/2024\/12\/graf2.webp\" class=\"attachment-large size-large wp-image-567\" alt=\"\" srcset=\"https:\/\/infonia.esap.edu.co\/wp-content\/uploads\/2024\/12\/graf2.webp 960w, https:\/\/infonia.esap.edu.co\/wp-content\/uploads\/2024\/12\/graf2-300x157.webp 300w, https:\/\/infonia.esap.edu.co\/wp-content\/uploads\/2024\/12\/graf2-768x401.webp 768w\" sizes=\"(max-width: 960px) 100vw, 960px\" \/>\t\t\t\t\t\t\t\t\t\t\t\t\t\t\t<\/div>\n\t\t\t\t<\/div>\n\t\t\t\t<\/div>\n\t\t<div class=\"elementor-element elementor-element-f6f77f9 e-con-full e-flex e-con e-child\" data-id=\"f6f77f9\" data-element_type=\"container\">\n\t\t\t\t<div class=\"elementor-element elementor-element-12c8a54 elementor-widget elementor-widget-heading\" data-id=\"12c8a54\" data-element_type=\"widget\" data-widget_type=\"heading.default\">\n\t\t\t\t<div class=\"elementor-widget-container\">\n\t\t\t\t\t<h4 class=\"elementor-heading-title elementor-size-default\">Red conceptual b\u00e1sica producci\u00f3n Docente<\/h4>\t\t\t\t<\/div>\n\t\t\t\t<\/div>\n\t\t\t\t<div class=\"elementor-element elementor-element-8df9cd8 elementor-widget elementor-widget-image\" data-id=\"8df9cd8\" data-element_type=\"widget\" data-widget_type=\"image.default\">\n\t\t\t\t<div class=\"elementor-widget-container\">\n\t\t\t\t\t\t\t\t\t\t\t\t\t\t\t<img loading=\"lazy\" decoding=\"async\" width=\"960\" height=\"501\" src=\"https:\/\/infonia.esap.edu.co\/wp-content\/uploads\/2024\/12\/graf2-1.webp\" class=\"attachment-large size-large wp-image-568\" alt=\"\" srcset=\"https:\/\/infonia.esap.edu.co\/wp-content\/uploads\/2024\/12\/graf2-1.webp 960w, https:\/\/infonia.esap.edu.co\/wp-content\/uploads\/2024\/12\/graf2-1-300x157.webp 300w, https:\/\/infonia.esap.edu.co\/wp-content\/uploads\/2024\/12\/graf2-1-768x401.webp 768w\" sizes=\"(max-width: 960px) 100vw, 960px\" \/>\t\t\t\t\t\t\t\t\t\t\t\t\t\t\t<\/div>\n\t\t\t\t<\/div>\n\t\t\t\t<\/div>\n\t\t\t\t\t<\/div>\n\t\t\t\t<\/div>\n\t\t<div class=\"elementor-element elementor-element-1a22ec4 e-flex e-con-boxed e-con e-parent\" data-id=\"1a22ec4\" data-element_type=\"container\">\n\t\t\t\t\t<div class=\"e-con-inner\">\n\t\t\t\t<div class=\"elementor-element elementor-element-533ccdb elementor-widget elementor-widget-text-editor\" data-id=\"533ccdb\" data-element_type=\"widget\" data-widget_type=\"text-editor.default\">\n\t\t\t\t<div class=\"elementor-widget-container\">\n\t\t\t\t\t\t\t\t\tA continuaci\u00f3n se presenta  un  catalogo inicial de los documentos identificados en las bases de datos acad\u00e9micas\t\t\t\t\t\t\t\t<\/div>\n\t\t\t\t<\/div>\n\t\t\t\t<div class=\"elementor-element elementor-element-7c58b17 elementor-widget elementor-widget-heading\" data-id=\"7c58b17\" data-element_type=\"widget\" data-widget_type=\"heading.default\">\n\t\t\t\t<div class=\"elementor-widget-container\">\n\t\t\t\t\t<h3 class=\"elementor-heading-title elementor-size-default\">Bibliotecas de Tendencias Administrativas (ZOTERO)<\/h3>\t\t\t\t<\/div>\n\t\t\t\t<\/div>\n\t\t\t\t<div class=\"elementor-element elementor-element-2f9bfc8 elementor-icon-list--layout-traditional elementor-list-item-link-full_width elementor-widget elementor-widget-icon-list\" data-id=\"2f9bfc8\" data-element_type=\"widget\" data-widget_type=\"icon-list.default\">\n\t\t\t\t<div class=\"elementor-widget-container\">\n\t\t\t\t\t\t\t<ul class=\"elementor-icon-list-items\">\n\t\t\t\t\t\t\t<li class=\"elementor-icon-list-item\">\n\t\t\t\t\t\t\t\t\t\t\t<a href=\"https:\/\/www.zotero.org\/groups\/5669679\/administraci%C3%B3n_p%C3%BAblica_asia\/library\" target=\"_blank\">\n\n\t\t\t\t\t\t\t\t\t\t\t\t<span class=\"elementor-icon-list-icon\">\n\t\t\t\t\t\t\t\t\t\t\t\t\t<\/span>\n\t\t\t\t\t\t\t\t\t\t<span class=\"elementor-icon-list-text\">Zotero Administrativas As\u00eda<\/span>\n\t\t\t\t\t\t\t\t\t\t\t<\/a>\n\t\t\t\t\t\t\t\t\t<\/li>\n\t\t\t\t\t\t\t\t<li class=\"elementor-icon-list-item\">\n\t\t\t\t\t\t\t\t\t\t\t<a href=\"https:\/\/www.zotero.org\/groups\/5669661\/administraci%C3%B3n_p%C3%BAblica_europa\/library\" target=\"_blank\">\n\n\t\t\t\t\t\t\t\t\t\t\t\t<span class=\"elementor-icon-list-icon\">\n\t\t\t\t\t\t\t\t\t\t\t\t\t<\/span>\n\t\t\t\t\t\t\t\t\t\t<span class=\"elementor-icon-list-text\">Zotero Administrativas Europa<\/span>\n\t\t\t\t\t\t\t\t\t\t\t<\/a>\n\t\t\t\t\t\t\t\t\t<\/li>\n\t\t\t\t\t\t\t\t<li class=\"elementor-icon-list-item\">\n\t\t\t\t\t\t\t\t\t\t\t<a href=\"https:\/\/www.zotero.org\/groups\/5669673\/administraci%C3%B3n_p%C3%BAblica_america\/library\" target=\"_blank\">\n\n\t\t\t\t\t\t\t\t\t\t\t\t<span class=\"elementor-icon-list-icon\">\n\t\t\t\t\t\t\t\t\t\t\t\t\t<\/span>\n\t\t\t\t\t\t\t\t\t\t<span class=\"elementor-icon-list-text\">Zotero Administrativas Am\u00e9rica<\/span>\n\t\t\t\t\t\t\t\t\t\t\t<\/a>\n\t\t\t\t\t\t\t\t\t<\/li>\n\t\t\t\t\t\t\t\t<li class=\"elementor-icon-list-item\">\n\t\t\t\t\t\t\t\t\t\t\t<a href=\"https:\/\/www.zotero.org\/groups\/5669665\/administraci%C3%B3n_p%C3%BAblica_colombia\/library\" target=\"_blank\">\n\n\t\t\t\t\t\t\t\t\t\t\t\t<span class=\"elementor-icon-list-icon\">\n\t\t\t\t\t\t\t\t\t\t\t\t\t<\/span>\n\t\t\t\t\t\t\t\t\t\t<span class=\"elementor-icon-list-text\">Zotero Administrativas Colombia<\/span>\n\t\t\t\t\t\t\t\t\t\t\t<\/a>\n\t\t\t\t\t\t\t\t\t<\/li>\n\t\t\t\t\t\t\t\t<li class=\"elementor-icon-list-item\">\n\t\t\t\t\t\t\t\t\t\t\t<a href=\"https:\/\/www.zotero.org\/groups\/5636993\/repositorio_docente\/library\" target=\"_blank\">\n\n\t\t\t\t\t\t\t\t\t\t\t\t<span class=\"elementor-icon-list-icon\">\n\t\t\t\t\t\t\t\t\t\t\t\t\t<\/span>\n\t\t\t\t\t\t\t\t\t\t<span class=\"elementor-icon-list-text\">Zotero Administrativas Docentes ESAP<\/span>\n\t\t\t\t\t\t\t\t\t\t\t<\/a>\n\t\t\t\t\t\t\t\t\t<\/li>\n\t\t\t\t\t\t\t\t<li class=\"elementor-icon-list-item\">\n\t\t\t\t\t\t\t\t\t\t\t<a href=\"https:\/\/www.zotero.org\/groups\/5662986\/trabajos_de_grados_esap\/library\" target=\"_blank\">\n\n\t\t\t\t\t\t\t\t\t\t\t\t<span class=\"elementor-icon-list-icon\">\n\t\t\t\t\t\t\t\t\t\t\t\t\t<\/span>\n\t\t\t\t\t\t\t\t\t\t<span class=\"elementor-icon-list-text\">ZoteroAdministrativas Trabajos de Grado<\/span>\n\t\t\t\t\t\t\t\t\t\t\t<\/a>\n\t\t\t\t\t\t\t\t\t<\/li>\n\t\t\t\t\t\t<\/ul>\n\t\t\t\t\t\t<\/div>\n\t\t\t\t<\/div>\n\t\t\t\t\t<\/div>\n\t\t\t\t<\/div>\n\t\t\t\t<\/div>\n\t\t","protected":false},"excerpt":{"rendered":"<p>Contexto General Al realizar el rastreo de informaci\u00f3n por medio de la plataforma de SCOPUS, en el cual se logra constatar un total de 30.074 productos de investigaci\u00f3n de los contexto de Asia, Europa, \u00c1frica, y Am\u00e9rica, esto permite tener una visualizaci\u00f3n de la red conceptual b\u00e1sica que se puede identificar de la siguiente manera [&hellip;]<\/p>\n","protected":false},"author":2,"featured_media":0,"parent":418,"menu_order":0,"comment_status":"closed","ping_status":"closed","template":"","meta":{"ocean_post_layout":"","ocean_both_sidebars_style":"","ocean_both_sidebars_content_width":0,"ocean_both_sidebars_sidebars_width":0,"ocean_sidebar":"","ocean_second_sidebar":"","ocean_disable_margins":"enable","ocean_add_body_class":"","ocean_shortcode_before_top_bar":"","ocean_shortcode_after_top_bar":"","ocean_shortcode_before_header":"","ocean_shortcode_after_header":"","ocean_has_shortcode":"","ocean_shortcode_after_title":"","ocean_shortcode_before_footer_widgets":"","ocean_shortcode_after_footer_widgets":"","ocean_shortcode_before_footer_bottom":"","ocean_shortcode_after_footer_bottom":"","ocean_display_top_bar":"default","ocean_display_header":"default","ocean_header_style":"","ocean_center_header_left_menu":"","ocean_custom_header_template":"","ocean_custom_logo":0,"ocean_custom_retina_logo":0,"ocean_custom_logo_max_width":0,"ocean_custom_logo_tablet_max_width":0,"ocean_custom_logo_mobile_max_width":0,"ocean_custom_logo_max_height":0,"ocean_custom_logo_tablet_max_height":0,"ocean_custom_logo_mobile_max_height":0,"ocean_header_custom_menu":"","ocean_menu_typo_font_family":"","ocean_menu_typo_font_subset":"","ocean_menu_typo_font_size":0,"ocean_menu_typo_font_size_tablet":0,"ocean_menu_typo_font_size_mobile":0,"ocean_menu_typo_font_size_unit":"px","ocean_menu_typo_font_weight":"","ocean_menu_typo_font_weight_tablet":"","ocean_menu_typo_font_weight_mobile":"","ocean_menu_typo_transform":"","ocean_menu_typo_transform_tablet":"","ocean_menu_typo_transform_mobile":"","ocean_menu_typo_line_height":0,"ocean_menu_typo_line_height_tablet":0,"ocean_menu_typo_line_height_mobile":0,"ocean_menu_typo_line_height_unit":"","ocean_menu_typo_spacing":0,"ocean_menu_typo_spacing_tablet":0,"ocean_menu_typo_spacing_mobile":0,"ocean_menu_typo_spacing_unit":"","ocean_menu_link_color":"","ocean_menu_link_color_hover":"","ocean_menu_link_color_active":"","ocean_menu_link_background":"","ocean_menu_link_hover_background":"","ocean_menu_link_active_background":"","ocean_menu_social_links_bg":"","ocean_menu_social_hover_links_bg":"","ocean_menu_social_links_color":"","ocean_menu_social_hover_links_color":"","ocean_disable_title":"default","ocean_disable_heading":"default","ocean_post_title":"","ocean_post_subheading":"","ocean_post_title_style":"","ocean_post_title_background_color":"","ocean_post_title_background":0,"ocean_post_title_bg_image_position":"","ocean_post_title_bg_image_attachment":"","ocean_post_title_bg_image_repeat":"","ocean_post_title_bg_image_size":"","ocean_post_title_height":0,"ocean_post_title_bg_overlay":0.5,"ocean_post_title_bg_overlay_color":"","ocean_disable_breadcrumbs":"default","ocean_breadcrumbs_color":"","ocean_breadcrumbs_separator_color":"","ocean_breadcrumbs_links_color":"","ocean_breadcrumbs_links_hover_color":"","ocean_display_footer_widgets":"default","ocean_display_footer_bottom":"default","ocean_custom_footer_template":"","footnotes":""},"class_list":["post-578","page","type-page","status-publish","hentry","entry"],"yoast_head":"<!-- This site is optimized with the Yoast SEO plugin v25.9 - https:\/\/yoast.com\/wordpress\/plugins\/seo\/ -->\n<title>Avance General - INFONIA<\/title>\n<meta name=\"robots\" content=\"index, follow, max-snippet:-1, max-image-preview:large, max-video-preview:-1\" \/>\n<link rel=\"canonical\" href=\"https:\/\/infonia.esap.edu.co\/index.php\/innovaesap\/tendencias-mundiales-en-administracion-publica\/avance-general\/\" \/>\n<meta property=\"og:locale\" content=\"es_ES\" \/>\n<meta property=\"og:type\" content=\"article\" \/>\n<meta property=\"og:title\" content=\"Avance General - INFONIA\" \/>\n<meta property=\"og:description\" content=\"Contexto General Al realizar el rastreo de informaci\u00f3n por medio de la plataforma de SCOPUS, en el cual se logra constatar un total de 30.074 productos de investigaci\u00f3n de los contexto de Asia, Europa, \u00c1frica, y Am\u00e9rica, esto permite tener una visualizaci\u00f3n de la red conceptual b\u00e1sica que se puede identificar de la siguiente manera [&hellip;]\" \/>\n<meta property=\"og:url\" content=\"https:\/\/infonia.esap.edu.co\/index.php\/innovaesap\/tendencias-mundiales-en-administracion-publica\/avance-general\/\" \/>\n<meta property=\"og:site_name\" content=\"INFONIA\" \/>\n<meta property=\"og:image\" content=\"https:\/\/infonia.asesoriatics.com\/wp-content\/uploads\/2024\/12\/graf1.webp\" \/>\n<meta name=\"twitter:card\" content=\"summary_large_image\" \/>\n<meta name=\"twitter:label1\" content=\"Tiempo de lectura\" \/>\n\t<meta name=\"twitter:data1\" content=\"1 minuto\" \/>\n<script type=\"application\/ld+json\" class=\"yoast-schema-graph\">{\"@context\":\"https:\/\/schema.org\",\"@graph\":[{\"@type\":\"WebPage\",\"@id\":\"https:\/\/infonia.esap.edu.co\/index.php\/innovaesap\/tendencias-mundiales-en-administracion-publica\/avance-general\/\",\"url\":\"https:\/\/infonia.esap.edu.co\/index.php\/innovaesap\/tendencias-mundiales-en-administracion-publica\/avance-general\/\",\"name\":\"Avance General - INFONIA\",\"isPartOf\":{\"@id\":\"https:\/\/infonia.esap.edu.co\/#website\"},\"primaryImageOfPage\":{\"@id\":\"https:\/\/infonia.esap.edu.co\/index.php\/innovaesap\/tendencias-mundiales-en-administracion-publica\/avance-general\/#primaryimage\"},\"image\":{\"@id\":\"https:\/\/infonia.esap.edu.co\/index.php\/innovaesap\/tendencias-mundiales-en-administracion-publica\/avance-general\/#primaryimage\"},\"thumbnailUrl\":\"https:\/\/infonia.asesoriatics.com\/wp-content\/uploads\/2024\/12\/graf1.webp\",\"datePublished\":\"2024-12-17T15:29:52+00:00\",\"breadcrumb\":{\"@id\":\"https:\/\/infonia.esap.edu.co\/index.php\/innovaesap\/tendencias-mundiales-en-administracion-publica\/avance-general\/#breadcrumb\"},\"inLanguage\":\"es\",\"potentialAction\":[{\"@type\":\"ReadAction\",\"target\":[\"https:\/\/infonia.esap.edu.co\/index.php\/innovaesap\/tendencias-mundiales-en-administracion-publica\/avance-general\/\"]}]},{\"@type\":\"ImageObject\",\"inLanguage\":\"es\",\"@id\":\"https:\/\/infonia.esap.edu.co\/index.php\/innovaesap\/tendencias-mundiales-en-administracion-publica\/avance-general\/#primaryimage\",\"url\":\"https:\/\/infonia.asesoriatics.com\/wp-content\/uploads\/2024\/12\/graf1.webp\",\"contentUrl\":\"https:\/\/infonia.asesoriatics.com\/wp-content\/uploads\/2024\/12\/graf1.webp\"},{\"@type\":\"BreadcrumbList\",\"@id\":\"https:\/\/infonia.esap.edu.co\/index.php\/innovaesap\/tendencias-mundiales-en-administracion-publica\/avance-general\/#breadcrumb\",\"itemListElement\":[{\"@type\":\"ListItem\",\"position\":1,\"name\":\"Inicio\",\"item\":\"https:\/\/infonia.esap.edu.co\/\"},{\"@type\":\"ListItem\",\"position\":2,\"name\":\"InnovaESAP\",\"item\":\"https:\/\/infonia.esap.edu.co\/index.php\/innovaesap\/\"},{\"@type\":\"ListItem\",\"position\":3,\"name\":\"Tendencias a Ecosistema de Innovaci\u00f3n\",\"item\":\"https:\/\/infonia.esap.edu.co\/index.php\/innovaesap\/tendencias-mundiales-en-administracion-publica\/\"},{\"@type\":\"ListItem\",\"position\":4,\"name\":\"Avance General\"}]},{\"@type\":\"WebSite\",\"@id\":\"https:\/\/infonia.esap.edu.co\/#website\",\"url\":\"https:\/\/infonia.esap.edu.co\/\",\"name\":\"INFONIA GesCo+I\",\"description\":\"Infonia ESAP\",\"publisher\":{\"@id\":\"https:\/\/infonia.esap.edu.co\/#organization\"},\"alternateName\":\"Gesti\u00f3n del Conocimiento y la Innovaci\u00f3n GesCo+I\",\"potentialAction\":[{\"@type\":\"SearchAction\",\"target\":{\"@type\":\"EntryPoint\",\"urlTemplate\":\"https:\/\/infonia.esap.edu.co\/?s={search_term_string}\"},\"query-input\":{\"@type\":\"PropertyValueSpecification\",\"valueRequired\":true,\"valueName\":\"search_term_string\"}}],\"inLanguage\":\"es\"},{\"@type\":\"Organization\",\"@id\":\"https:\/\/infonia.esap.edu.co\/#organization\",\"name\":\"Gesti\u00f3n del Conocimiento y la Innovaci\u00f3n GesCo+I\",\"url\":\"https:\/\/infonia.esap.edu.co\/\",\"logo\":{\"@type\":\"ImageObject\",\"inLanguage\":\"es\",\"@id\":\"https:\/\/infonia.esap.edu.co\/#\/schema\/logo\/image\/\",\"url\":\"https:\/\/infonia.esap.edu.co\/wp-content\/uploads\/2024\/06\/cropped-cropped-LOGO_INFONIA_2024.png\",\"contentUrl\":\"https:\/\/infonia.esap.edu.co\/wp-content\/uploads\/2024\/06\/cropped-cropped-LOGO_INFONIA_2024.png\",\"width\":1068,\"height\":470,\"caption\":\"Gesti\u00f3n del Conocimiento y la Innovaci\u00f3n GesCo+I\"},\"image\":{\"@id\":\"https:\/\/infonia.esap.edu.co\/#\/schema\/logo\/image\/\"}}]}<\/script>\n<!-- \/ Yoast SEO plugin. -->","yoast_head_json":{"title":"Avance General - INFONIA","robots":{"index":"index","follow":"follow","max-snippet":"max-snippet:-1","max-image-preview":"max-image-preview:large","max-video-preview":"max-video-preview:-1"},"canonical":"https:\/\/infonia.esap.edu.co\/index.php\/innovaesap\/tendencias-mundiales-en-administracion-publica\/avance-general\/","og_locale":"es_ES","og_type":"article","og_title":"Avance General - INFONIA","og_description":"Contexto General Al realizar el rastreo de informaci\u00f3n por medio de la plataforma de SCOPUS, en el cual se logra constatar un total de 30.074 productos de investigaci\u00f3n de los contexto de Asia, Europa, \u00c1frica, y Am\u00e9rica, esto permite tener una visualizaci\u00f3n de la red conceptual b\u00e1sica que se puede identificar de la siguiente manera [&hellip;]","og_url":"https:\/\/infonia.esap.edu.co\/index.php\/innovaesap\/tendencias-mundiales-en-administracion-publica\/avance-general\/","og_site_name":"INFONIA","og_image":[{"url":"https:\/\/infonia.asesoriatics.com\/wp-content\/uploads\/2024\/12\/graf1.webp","type":"","width":"","height":""}],"twitter_card":"summary_large_image","twitter_misc":{"Tiempo de lectura":"1 minuto"},"schema":{"@context":"https:\/\/schema.org","@graph":[{"@type":"WebPage","@id":"https:\/\/infonia.esap.edu.co\/index.php\/innovaesap\/tendencias-mundiales-en-administracion-publica\/avance-general\/","url":"https:\/\/infonia.esap.edu.co\/index.php\/innovaesap\/tendencias-mundiales-en-administracion-publica\/avance-general\/","name":"Avance General - INFONIA","isPartOf":{"@id":"https:\/\/infonia.esap.edu.co\/#website"},"primaryImageOfPage":{"@id":"https:\/\/infonia.esap.edu.co\/index.php\/innovaesap\/tendencias-mundiales-en-administracion-publica\/avance-general\/#primaryimage"},"image":{"@id":"https:\/\/infonia.esap.edu.co\/index.php\/innovaesap\/tendencias-mundiales-en-administracion-publica\/avance-general\/#primaryimage"},"thumbnailUrl":"https:\/\/infonia.asesoriatics.com\/wp-content\/uploads\/2024\/12\/graf1.webp","datePublished":"2024-12-17T15:29:52+00:00","breadcrumb":{"@id":"https:\/\/infonia.esap.edu.co\/index.php\/innovaesap\/tendencias-mundiales-en-administracion-publica\/avance-general\/#breadcrumb"},"inLanguage":"es","potentialAction":[{"@type":"ReadAction","target":["https:\/\/infonia.esap.edu.co\/index.php\/innovaesap\/tendencias-mundiales-en-administracion-publica\/avance-general\/"]}]},{"@type":"ImageObject","inLanguage":"es","@id":"https:\/\/infonia.esap.edu.co\/index.php\/innovaesap\/tendencias-mundiales-en-administracion-publica\/avance-general\/#primaryimage","url":"https:\/\/infonia.asesoriatics.com\/wp-content\/uploads\/2024\/12\/graf1.webp","contentUrl":"https:\/\/infonia.asesoriatics.com\/wp-content\/uploads\/2024\/12\/graf1.webp"},{"@type":"BreadcrumbList","@id":"https:\/\/infonia.esap.edu.co\/index.php\/innovaesap\/tendencias-mundiales-en-administracion-publica\/avance-general\/#breadcrumb","itemListElement":[{"@type":"ListItem","position":1,"name":"Inicio","item":"https:\/\/infonia.esap.edu.co\/"},{"@type":"ListItem","position":2,"name":"InnovaESAP","item":"https:\/\/infonia.esap.edu.co\/index.php\/innovaesap\/"},{"@type":"ListItem","position":3,"name":"Tendencias a Ecosistema de Innovaci\u00f3n","item":"https:\/\/infonia.esap.edu.co\/index.php\/innovaesap\/tendencias-mundiales-en-administracion-publica\/"},{"@type":"ListItem","position":4,"name":"Avance General"}]},{"@type":"WebSite","@id":"https:\/\/infonia.esap.edu.co\/#website","url":"https:\/\/infonia.esap.edu.co\/","name":"INFONIA GesCo+I","description":"Infonia ESAP","publisher":{"@id":"https:\/\/infonia.esap.edu.co\/#organization"},"alternateName":"Gesti\u00f3n del Conocimiento y la Innovaci\u00f3n GesCo+I","potentialAction":[{"@type":"SearchAction","target":{"@type":"EntryPoint","urlTemplate":"https:\/\/infonia.esap.edu.co\/?s={search_term_string}"},"query-input":{"@type":"PropertyValueSpecification","valueRequired":true,"valueName":"search_term_string"}}],"inLanguage":"es"},{"@type":"Organization","@id":"https:\/\/infonia.esap.edu.co\/#organization","name":"Gesti\u00f3n del Conocimiento y la Innovaci\u00f3n GesCo+I","url":"https:\/\/infonia.esap.edu.co\/","logo":{"@type":"ImageObject","inLanguage":"es","@id":"https:\/\/infonia.esap.edu.co\/#\/schema\/logo\/image\/","url":"https:\/\/infonia.esap.edu.co\/wp-content\/uploads\/2024\/06\/cropped-cropped-LOGO_INFONIA_2024.png","contentUrl":"https:\/\/infonia.esap.edu.co\/wp-content\/uploads\/2024\/06\/cropped-cropped-LOGO_INFONIA_2024.png","width":1068,"height":470,"caption":"Gesti\u00f3n del Conocimiento y la Innovaci\u00f3n GesCo+I"},"image":{"@id":"https:\/\/infonia.esap.edu.co\/#\/schema\/logo\/image\/"}}]}},"_links":{"self":[{"href":"https:\/\/infonia.esap.edu.co\/index.php\/wp-json\/wp\/v2\/pages\/578","targetHints":{"allow":["GET"]}}],"collection":[{"href":"https:\/\/infonia.esap.edu.co\/index.php\/wp-json\/wp\/v2\/pages"}],"about":[{"href":"https:\/\/infonia.esap.edu.co\/index.php\/wp-json\/wp\/v2\/types\/page"}],"author":[{"embeddable":true,"href":"https:\/\/infonia.esap.edu.co\/index.php\/wp-json\/wp\/v2\/users\/2"}],"replies":[{"embeddable":true,"href":"https:\/\/infonia.esap.edu.co\/index.php\/wp-json\/wp\/v2\/comments?post=578"}],"version-history":[{"count":0,"href":"https:\/\/infonia.esap.edu.co\/index.php\/wp-json\/wp\/v2\/pages\/578\/revisions"}],"up":[{"embeddable":true,"href":"https:\/\/infonia.esap.edu.co\/index.php\/wp-json\/wp\/v2\/pages\/418"}],"wp:attachment":[{"href":"https:\/\/infonia.esap.edu.co\/index.php\/wp-json\/wp\/v2\/media?parent=578"}],"curies":[{"name":"wp","href":"https:\/\/api.w.org\/{rel}","templated":true}]}}