{"id":83,"date":"2024-06-04T12:13:41","date_gmt":"2024-06-04T17:13:41","guid":{"rendered":"https:\/\/infonia.mailesap.site\/?page_id=83"},"modified":"2024-12-24T12:05:52","modified_gmt":"2024-12-24T17:05:52","slug":"infonia-estadisiticas","status":"publish","type":"page","link":"https:\/\/infonia.esap.edu.co\/index.php\/infonia-estadisiticas\/","title":{"rendered":"DataESAP"},"content":{"rendered":"\t\t<div data-elementor-type=\"wp-page\" data-elementor-id=\"83\" class=\"elementor elementor-83\" data-elementor-post-type=\"page\">\n\t\t\t\t<div class=\"elementor-element elementor-element-48e8eff e-flex e-con-boxed e-con e-parent\" data-id=\"48e8eff\" data-element_type=\"container\">\n\t\t\t\t\t<div class=\"e-con-inner\">\n\t\t\t\t<div class=\"elementor-element elementor-element-b087c5d elementor-widget elementor-widget-shortcode\" data-id=\"b087c5d\" data-element_type=\"widget\" data-widget_type=\"shortcode.default\">\n\t\t\t\t<div class=\"elementor-widget-container\">\n\t\t\t\t\t\t\t<div class=\"elementor-shortcode\"><span><span><a href=\"https:\/\/infonia.esap.edu.co\/\">Inicio<\/a><\/span><\/span><\/div>\n\t\t\t\t\t\t<\/div>\n\t\t\t\t<\/div>\n\t\t\t\t<div class=\"elementor-element elementor-element-7dca89c elementor-widget elementor-widget-image\" data-id=\"7dca89c\" data-element_type=\"widget\" data-widget_type=\"image.default\">\n\t\t\t\t<div class=\"elementor-widget-container\">\n\t\t\t\t\t\t\t\t\t\t\t\t\t\t\t<img fetchpriority=\"high\" decoding=\"async\" width=\"760\" height=\"190\" src=\"https:\/\/infonia.esap.edu.co\/wp-content\/uploads\/2024\/08\/dataesap.png\" class=\"attachment-full size-full wp-image-241\" alt=\"\" srcset=\"https:\/\/infonia.esap.edu.co\/wp-content\/uploads\/2024\/08\/dataesap.png 760w, https:\/\/infonia.esap.edu.co\/wp-content\/uploads\/2024\/08\/dataesap-300x75.png 300w\" sizes=\"(max-width: 760px) 100vw, 760px\" \/>\t\t\t\t\t\t\t\t\t\t\t\t\t\t\t<\/div>\n\t\t\t\t<\/div>\n\t\t\t\t<div class=\"elementor-element elementor-element-1e5ef9d elementor-widget elementor-widget-text-editor\" data-id=\"1e5ef9d\" data-element_type=\"widget\" data-widget_type=\"text-editor.default\">\n\t\t\t\t<div class=\"elementor-widget-container\">\n\t\t\t\t\t\t\t\t\t<p><strong>DataESAP<\/strong>&nbsp;es una secci\u00f3n especializada de nuestro repositorio dedicada a la centralizaci\u00f3n y organizaci\u00f3n de los datos estad\u00edsticos relevantes de la ESAP. En este m\u00f3dulo, estudiantes, profesores, administrativos y cualquier persona de la comunidad Esapista podr\u00e1 acceder a una amplia variedad de informaci\u00f3n, estad\u00edsticas y reportes generados por diversas dependencias para la toma de decisiones informadas.<\/p>\n<p>Esta herramienta permitir\u00e1:<\/p>\t\t\t\t\t\t\t\t<\/div>\n\t\t\t\t<\/div>\n\t\t\t\t<div class=\"elementor-element elementor-element-ba32ff4 elementor-icon-list--layout-traditional elementor-list-item-link-full_width elementor-widget elementor-widget-icon-list\" data-id=\"ba32ff4\" data-element_type=\"widget\" data-widget_type=\"icon-list.default\">\n\t\t\t\t<div class=\"elementor-widget-container\">\n\t\t\t\t\t\t\t<ul class=\"elementor-icon-list-items\">\n\t\t\t\t\t\t\t<li class=\"elementor-icon-list-item\">\n\t\t\t\t\t\t\t\t\t\t\t<span class=\"elementor-icon-list-icon\">\n\t\t\t\t\t\t\t<svg aria-hidden=\"true\" class=\"e-font-icon-svg e-fas-check\" viewBox=\"0 0 512 512\" xmlns=\"http:\/\/www.w3.org\/2000\/svg\"><path d=\"M173.898 439.404l-166.4-166.4c-9.997-9.997-9.997-26.206 0-36.204l36.203-36.204c9.997-9.998 26.207-9.998 36.204 0L192 312.69 432.095 72.596c9.997-9.997 26.207-9.997 36.204 0l36.203 36.204c9.997 9.997 9.997 26.206 0 36.204l-294.4 294.401c-9.998 9.997-26.207 9.997-36.204-.001z\"><\/path><\/svg>\t\t\t\t\t\t<\/span>\n\t\t\t\t\t\t\t\t\t\t<span class=\"elementor-icon-list-text\"><b>Disponibilidad de datos actualizados:<\/b> Encuentra estad\u00edsticas actualizadas y precisas que reflejan la realidad de nuestra instituci\u00f3n y su entorno.<\/span>\n\t\t\t\t\t\t\t\t\t<\/li>\n\t\t\t\t\t\t\t\t<li class=\"elementor-icon-list-item\">\n\t\t\t\t\t\t\t\t\t\t\t<span class=\"elementor-icon-list-icon\">\n\t\t\t\t\t\t\t<svg aria-hidden=\"true\" class=\"e-font-icon-svg e-fas-check\" viewBox=\"0 0 512 512\" xmlns=\"http:\/\/www.w3.org\/2000\/svg\"><path d=\"M173.898 439.404l-166.4-166.4c-9.997-9.997-9.997-26.206 0-36.204l36.203-36.204c9.997-9.998 26.207-9.998 36.204 0L192 312.69 432.095 72.596c9.997-9.997 26.207-9.997 36.204 0l36.203 36.204c9.997 9.997 9.997 26.206 0 36.204l-294.4 294.401c-9.998 9.997-26.207 9.997-36.204-.001z\"><\/path><\/svg>\t\t\t\t\t\t<\/span>\n\t\t\t\t\t\t\t\t\t\t<span class=\"elementor-icon-list-text\"><b>Apoyo a la toma de decisiones:<\/b> Ofrece datos fiables que respaldan la planificaci\u00f3n estrat\u00e9gica y la toma de decisiones en los diversos niveles de la ESAP.<\/span>\n\t\t\t\t\t\t\t\t\t<\/li>\n\t\t\t\t\t\t\t\t<li class=\"elementor-icon-list-item\">\n\t\t\t\t\t\t\t\t\t\t\t<span class=\"elementor-icon-list-icon\">\n\t\t\t\t\t\t\t<svg aria-hidden=\"true\" class=\"e-font-icon-svg e-fas-check\" viewBox=\"0 0 512 512\" xmlns=\"http:\/\/www.w3.org\/2000\/svg\"><path d=\"M173.898 439.404l-166.4-166.4c-9.997-9.997-9.997-26.206 0-36.204l36.203-36.204c9.997-9.998 26.207-9.998 36.204 0L192 312.69 432.095 72.596c9.997-9.997 26.207-9.997 36.204 0l36.203 36.204c9.997 9.997 9.997 26.206 0 36.204l-294.4 294.401c-9.998 9.997-26.207 9.997-36.204-.001z\"><\/path><\/svg>\t\t\t\t\t\t<\/span>\n\t\t\t\t\t\t\t\t\t\t<span class=\"elementor-icon-list-text\"><b>Transparencia institucional:<\/b> Promueve la transparencia al permitir que los datos e informaci\u00f3n est\u00e9n disponibles para toda la comunidad, fomentando la confianza y el compromiso con la mejora continua.<\/span>\n\t\t\t\t\t\t\t\t\t<\/li>\n\t\t\t\t\t\t<\/ul>\n\t\t\t\t\t\t<\/div>\n\t\t\t\t<\/div>\n\t\t\t\t<div class=\"elementor-element elementor-element-33a5454 elementor-widget elementor-widget-text-editor\" data-id=\"33a5454\" data-element_type=\"widget\" data-widget_type=\"text-editor.default\">\n\t\t\t\t<div class=\"elementor-widget-container\">\n\t\t\t\t\t\t\t\t\tEste es el recurso ideal para quienes buscan entender mejor las din\u00e1micas y tendencias dentro de la ESAP, proporcionando una base s\u00f3lida de datos para impulsar el conocimiento y la innovaci\u00f3n.\t\t\t\t\t\t\t\t<\/div>\n\t\t\t\t<\/div>\n\t\t\t\t<div class=\"elementor-element elementor-element-5ce63e3 elementor-widget elementor-widget-eael-creative-button\" data-id=\"5ce63e3\" data-element_type=\"widget\" data-widget_type=\"eael-creative-button.default\">\n\t\t\t\t<div class=\"elementor-widget-container\">\n\t\t\t\t\t        <div class=\"eael-creative-button-wrapper\">\n\n            <a class=\"eael-creative-button eael-creative-button--default\" href=\"https:\/\/infonia.esap.edu.co\/dataesap\/\" data-text=\"Go!\">\n            \t    \n                <div class=\"creative-button-inner\">\n\n                    \n                    <span class=\"cretive-button-text\">Accede aqu\u00ed<\/span>\n\n                                    <\/div>\n\t                        <\/a>\n        <\/div>\n        \t\t\t\t<\/div>\n\t\t\t\t<\/div>\n\t\t\t\t<div class=\"elementor-element elementor-element-0076111 elementor-widget elementor-widget-eael-adv-tabs\" data-id=\"0076111\" data-element_type=\"widget\" data-widget_type=\"eael-adv-tabs.default\">\n\t\t\t\t<div class=\"elementor-widget-container\">\n\t\t\t\t\t        <div data-scroll-on-click=\"no\" data-scroll-speed=\"300\" id=\"eael-advance-tabs-0076111\" class=\"eael-advance-tabs eael-tabs-horizontal eael-tab-auto-active \" data-tabid=\"0076111\">\n            <div class=\"eael-tabs-nav\">\n                <ul class=\"eael-tab-inline-icon\" role=\"tablist\">\n                                            <li id=\"planeacin-estratgica\" class=\"inactive eael-tab-item-trigger eael-tab-nav-item\" aria-selected=\"true\" data-tab=\"1\" role=\"tab\" tabindex=\"0\" aria-controls=\"planeacin-estratgica-tab\" aria-expanded=\"false\">\n                            \n                                                                                                                            \n                                                            <span class=\"eael-tab-title title-after-icon\" >Planeaci\u00f3n Estrat\u00e9gica<\/span>                            \n                                                    <\/li>\n                                            <li id=\"ubicacin-aulas-hbridas-\" class=\"inactive eael-tab-item-trigger eael-tab-nav-item\" aria-selected=\"false\" data-tab=\"2\" role=\"tab\" tabindex=\"-1\" aria-controls=\"ubicacin-aulas-hbridas--tab\" aria-expanded=\"false\">\n                            \n                                                                                                                            \n                                                            <span class=\"eael-tab-title title-after-icon\" >Ubicaci\u00f3n aulas h\u00edbridas <\/span>                            \n                                                    <\/li>\n                                    <\/ul>\n            <\/div>\n            \n            <div class=\"eael-tabs-content\">\n\t\t        \n                    <div id=\"planeacin-estratgica-tab\" class=\"clearfix eael-tab-content-item inactive\" data-title-link=\"planeacin-estratgica-tab\">\n\t\t\t\t        <iframe style=\"border: 0px #ffffff none;\" src=\"https:\/\/app.powerbi.com\/view?r=eyJrIjoiZjgzN2RhMzYtZmMzNS00NDBmLWFhMTctNDMyYmVmM2U1ZTU4IiwidCI6ImIyNGYwMzg4LWU2MWItNDNlMC1iOWU3LWJhYTViMGQ1MTIxZSIsImMiOjR9\" name=\"iFrame\" width=\"100%\" height=\"1000px\" frameborder=\"1\" marginwidth=\"0px\" marginheight=\"0px\" scrolling=\"yes\" allowfullscreen=\"allowfullscreen\"><\/iframe>                    <\/div>\n\t\t        \n                    <div id=\"ubicacin-aulas-hbridas--tab\" class=\"clearfix eael-tab-content-item inactive\" data-title-link=\"ubicacin-aulas-hbridas--tab\">\n\t\t\t\t        <iframe style=\"border: 0px #ffffff none;\" src=\"https:\/\/app.powerbi.com\/view?r=eyJrIjoiNTk5ZDFiYzUtNzllNi00NTE1LWFhMGQtZDhiNzYyYzU1NWNkIiwidCI6ImIyNGYwMzg4LWU2MWItNDNlMC1iOWU3LWJhYTViMGQ1MTIxZSIsImMiOjR9\" name=\"iFrame\" width=\"100%\" height=\"1000px\" frameborder=\"1\" marginwidth=\"0px\" marginheight=\"0px\" scrolling=\"yes\" allowfullscreen=\"allowfullscreen\"><\/iframe>                    <\/div>\n\t\t                    <\/div>\n        <\/div>\n\t\t\t\t<\/div>\n\t\t\t\t<\/div>\n\t\t\t\t\t<\/div>\n\t\t\t\t<\/div>\n\t\t\t\t<\/div>\n\t\t","protected":false},"excerpt":{"rendered":"<p>DataESAP\u00a0es una secci\u00f3n especializada de nuestro repositorio dedicada a la centralizaci\u00f3n y organizaci\u00f3n de los datos estad\u00edsticos relevantes de la ESAP. En este m\u00f3dulo, estudiantes, profesores, administrativos y cualquier persona de la comunidad Esapista podr\u00e1 acceder a una amplia variedad de informaci\u00f3n, estad\u00edsticas y reportes generados por diversas dependencias para la toma de decisiones informadas. [&hellip;]<\/p>\n","protected":false},"author":2,"featured_media":0,"parent":0,"menu_order":0,"comment_status":"closed","ping_status":"closed","template":"","meta":{"ocean_post_layout":"","ocean_both_sidebars_style":"","ocean_both_sidebars_content_width":0,"ocean_both_sidebars_sidebars_width":0,"ocean_sidebar":"0","ocean_second_sidebar":"0","ocean_disable_margins":"enable","ocean_add_body_class":"","ocean_shortcode_before_top_bar":"","ocean_shortcode_after_top_bar":"","ocean_shortcode_before_header":"","ocean_shortcode_after_header":"","ocean_has_shortcode":"","ocean_shortcode_after_title":"","ocean_shortcode_before_footer_widgets":"","ocean_shortcode_after_footer_widgets":"","ocean_shortcode_before_footer_bottom":"","ocean_shortcode_after_footer_bottom":"","ocean_display_top_bar":"default","ocean_display_header":"default","ocean_header_style":"","ocean_center_header_left_menu":"0","ocean_custom_header_template":"0","ocean_custom_logo":0,"ocean_custom_retina_logo":0,"ocean_custom_logo_max_width":0,"ocean_custom_logo_tablet_max_width":0,"ocean_custom_logo_mobile_max_width":0,"ocean_custom_logo_max_height":0,"ocean_custom_logo_tablet_max_height":0,"ocean_custom_logo_mobile_max_height":0,"ocean_header_custom_menu":"0","ocean_menu_typo_font_family":"0","ocean_menu_typo_font_subset":"","ocean_menu_typo_font_size":0,"ocean_menu_typo_font_size_tablet":0,"ocean_menu_typo_font_size_mobile":0,"ocean_menu_typo_font_size_unit":"px","ocean_menu_typo_font_weight":"","ocean_menu_typo_font_weight_tablet":"","ocean_menu_typo_font_weight_mobile":"","ocean_menu_typo_transform":"","ocean_menu_typo_transform_tablet":"","ocean_menu_typo_transform_mobile":"","ocean_menu_typo_line_height":0,"ocean_menu_typo_line_height_tablet":0,"ocean_menu_typo_line_height_mobile":0,"ocean_menu_typo_line_height_unit":"","ocean_menu_typo_spacing":0,"ocean_menu_typo_spacing_tablet":0,"ocean_menu_typo_spacing_mobile":0,"ocean_menu_typo_spacing_unit":"","ocean_menu_link_color":"","ocean_menu_link_color_hover":"","ocean_menu_link_color_active":"","ocean_menu_link_background":"","ocean_menu_link_hover_background":"","ocean_menu_link_active_background":"","ocean_menu_social_links_bg":"","ocean_menu_social_hover_links_bg":"","ocean_menu_social_links_color":"","ocean_menu_social_hover_links_color":"","ocean_disable_title":"on","ocean_disable_heading":"default","ocean_post_title":"","ocean_post_subheading":"","ocean_post_title_style":"","ocean_post_title_background_color":"","ocean_post_title_background":0,"ocean_post_title_bg_image_position":"","ocean_post_title_bg_image_attachment":"","ocean_post_title_bg_image_repeat":"","ocean_post_title_bg_image_size":"","ocean_post_title_height":0,"ocean_post_title_bg_overlay":0.5,"ocean_post_title_bg_overlay_color":"","ocean_disable_breadcrumbs":"default","ocean_breadcrumbs_color":"","ocean_breadcrumbs_separator_color":"","ocean_breadcrumbs_links_color":"","ocean_breadcrumbs_links_hover_color":"","ocean_display_footer_widgets":"default","ocean_display_footer_bottom":"default","ocean_custom_footer_template":"0","footnotes":""},"class_list":["post-83","page","type-page","status-publish","hentry","entry"],"yoast_head":"<!-- This site is optimized with the Yoast SEO plugin v25.9 - https:\/\/yoast.com\/wordpress\/plugins\/seo\/ -->\n<title>DataESAP - INFONIA<\/title>\n<meta name=\"robots\" content=\"index, follow, max-snippet:-1, max-image-preview:large, max-video-preview:-1\" \/>\n<link rel=\"canonical\" href=\"https:\/\/infonia.esap.edu.co\/index.php\/infonia-estadisiticas\/\" \/>\n<meta property=\"og:locale\" content=\"es_ES\" \/>\n<meta property=\"og:type\" content=\"article\" \/>\n<meta property=\"og:title\" content=\"DataESAP - INFONIA\" \/>\n<meta property=\"og:description\" content=\"DataESAP\u00a0es una secci\u00f3n especializada de nuestro repositorio dedicada a la centralizaci\u00f3n y organizaci\u00f3n de los datos estad\u00edsticos relevantes de la ESAP. En este m\u00f3dulo, estudiantes, profesores, administrativos y cualquier persona de la comunidad Esapista podr\u00e1 acceder a una amplia variedad de informaci\u00f3n, estad\u00edsticas y reportes generados por diversas dependencias para la toma de decisiones informadas. [&hellip;]\" \/>\n<meta property=\"og:url\" content=\"https:\/\/infonia.esap.edu.co\/index.php\/infonia-estadisiticas\/\" \/>\n<meta property=\"og:site_name\" content=\"INFONIA\" \/>\n<meta property=\"article:modified_time\" content=\"2024-12-24T17:05:52+00:00\" \/>\n<meta property=\"og:image\" content=\"https:\/\/infonia.esap.edu.co\/wp-content\/uploads\/2024\/08\/dataesap.png\" \/>\n<meta name=\"twitter:card\" content=\"summary_large_image\" \/>\n<meta name=\"twitter:label1\" content=\"Tiempo de lectura\" \/>\n\t<meta name=\"twitter:data1\" content=\"1 minuto\" \/>\n<script type=\"application\/ld+json\" class=\"yoast-schema-graph\">{\"@context\":\"https:\/\/schema.org\",\"@graph\":[{\"@type\":\"WebPage\",\"@id\":\"https:\/\/infonia.esap.edu.co\/index.php\/infonia-estadisiticas\/\",\"url\":\"https:\/\/infonia.esap.edu.co\/index.php\/infonia-estadisiticas\/\",\"name\":\"DataESAP - INFONIA\",\"isPartOf\":{\"@id\":\"https:\/\/infonia.esap.edu.co\/#website\"},\"primaryImageOfPage\":{\"@id\":\"https:\/\/infonia.esap.edu.co\/index.php\/infonia-estadisiticas\/#primaryimage\"},\"image\":{\"@id\":\"https:\/\/infonia.esap.edu.co\/index.php\/infonia-estadisiticas\/#primaryimage\"},\"thumbnailUrl\":\"https:\/\/infonia.esap.edu.co\/wp-content\/uploads\/2024\/08\/dataesap.png\",\"datePublished\":\"2024-06-04T17:13:41+00:00\",\"dateModified\":\"2024-12-24T17:05:52+00:00\",\"breadcrumb\":{\"@id\":\"https:\/\/infonia.esap.edu.co\/index.php\/infonia-estadisiticas\/#breadcrumb\"},\"inLanguage\":\"es\",\"potentialAction\":[{\"@type\":\"ReadAction\",\"target\":[\"https:\/\/infonia.esap.edu.co\/index.php\/infonia-estadisiticas\/\"]}]},{\"@type\":\"ImageObject\",\"inLanguage\":\"es\",\"@id\":\"https:\/\/infonia.esap.edu.co\/index.php\/infonia-estadisiticas\/#primaryimage\",\"url\":\"https:\/\/infonia.esap.edu.co\/wp-content\/uploads\/2024\/08\/dataesap.png\",\"contentUrl\":\"https:\/\/infonia.esap.edu.co\/wp-content\/uploads\/2024\/08\/dataesap.png\",\"width\":760,\"height\":190},{\"@type\":\"BreadcrumbList\",\"@id\":\"https:\/\/infonia.esap.edu.co\/index.php\/infonia-estadisiticas\/#breadcrumb\",\"itemListElement\":[{\"@type\":\"ListItem\",\"position\":1,\"name\":\"Inicio\",\"item\":\"https:\/\/infonia.esap.edu.co\/\"},{\"@type\":\"ListItem\",\"position\":2,\"name\":\"DataESAP\"}]},{\"@type\":\"WebSite\",\"@id\":\"https:\/\/infonia.esap.edu.co\/#website\",\"url\":\"https:\/\/infonia.esap.edu.co\/\",\"name\":\"INFONIA GesCo+I\",\"description\":\"Infonia ESAP\",\"publisher\":{\"@id\":\"https:\/\/infonia.esap.edu.co\/#organization\"},\"alternateName\":\"Gesti\u00f3n del Conocimiento y la Innovaci\u00f3n GesCo+I\",\"potentialAction\":[{\"@type\":\"SearchAction\",\"target\":{\"@type\":\"EntryPoint\",\"urlTemplate\":\"https:\/\/infonia.esap.edu.co\/?s={search_term_string}\"},\"query-input\":{\"@type\":\"PropertyValueSpecification\",\"valueRequired\":true,\"valueName\":\"search_term_string\"}}],\"inLanguage\":\"es\"},{\"@type\":\"Organization\",\"@id\":\"https:\/\/infonia.esap.edu.co\/#organization\",\"name\":\"Gesti\u00f3n del Conocimiento y la Innovaci\u00f3n GesCo+I\",\"url\":\"https:\/\/infonia.esap.edu.co\/\",\"logo\":{\"@type\":\"ImageObject\",\"inLanguage\":\"es\",\"@id\":\"https:\/\/infonia.esap.edu.co\/#\/schema\/logo\/image\/\",\"url\":\"https:\/\/infonia.esap.edu.co\/wp-content\/uploads\/2024\/06\/cropped-cropped-LOGO_INFONIA_2024.png\",\"contentUrl\":\"https:\/\/infonia.esap.edu.co\/wp-content\/uploads\/2024\/06\/cropped-cropped-LOGO_INFONIA_2024.png\",\"width\":1068,\"height\":470,\"caption\":\"Gesti\u00f3n del Conocimiento y la Innovaci\u00f3n GesCo+I\"},\"image\":{\"@id\":\"https:\/\/infonia.esap.edu.co\/#\/schema\/logo\/image\/\"}}]}<\/script>\n<!-- \/ Yoast SEO plugin. -->","yoast_head_json":{"title":"DataESAP - INFONIA","robots":{"index":"index","follow":"follow","max-snippet":"max-snippet:-1","max-image-preview":"max-image-preview:large","max-video-preview":"max-video-preview:-1"},"canonical":"https:\/\/infonia.esap.edu.co\/index.php\/infonia-estadisiticas\/","og_locale":"es_ES","og_type":"article","og_title":"DataESAP - INFONIA","og_description":"DataESAP\u00a0es una secci\u00f3n especializada de nuestro repositorio dedicada a la centralizaci\u00f3n y organizaci\u00f3n de los datos estad\u00edsticos relevantes de la ESAP. En este m\u00f3dulo, estudiantes, profesores, administrativos y cualquier persona de la comunidad Esapista podr\u00e1 acceder a una amplia variedad de informaci\u00f3n, estad\u00edsticas y reportes generados por diversas dependencias para la toma de decisiones informadas. [&hellip;]","og_url":"https:\/\/infonia.esap.edu.co\/index.php\/infonia-estadisiticas\/","og_site_name":"INFONIA","article_modified_time":"2024-12-24T17:05:52+00:00","og_image":[{"url":"https:\/\/infonia.esap.edu.co\/wp-content\/uploads\/2024\/08\/dataesap.png","type":"","width":"","height":""}],"twitter_card":"summary_large_image","twitter_misc":{"Tiempo de lectura":"1 minuto"},"schema":{"@context":"https:\/\/schema.org","@graph":[{"@type":"WebPage","@id":"https:\/\/infonia.esap.edu.co\/index.php\/infonia-estadisiticas\/","url":"https:\/\/infonia.esap.edu.co\/index.php\/infonia-estadisiticas\/","name":"DataESAP - INFONIA","isPartOf":{"@id":"https:\/\/infonia.esap.edu.co\/#website"},"primaryImageOfPage":{"@id":"https:\/\/infonia.esap.edu.co\/index.php\/infonia-estadisiticas\/#primaryimage"},"image":{"@id":"https:\/\/infonia.esap.edu.co\/index.php\/infonia-estadisiticas\/#primaryimage"},"thumbnailUrl":"https:\/\/infonia.esap.edu.co\/wp-content\/uploads\/2024\/08\/dataesap.png","datePublished":"2024-06-04T17:13:41+00:00","dateModified":"2024-12-24T17:05:52+00:00","breadcrumb":{"@id":"https:\/\/infonia.esap.edu.co\/index.php\/infonia-estadisiticas\/#breadcrumb"},"inLanguage":"es","potentialAction":[{"@type":"ReadAction","target":["https:\/\/infonia.esap.edu.co\/index.php\/infonia-estadisiticas\/"]}]},{"@type":"ImageObject","inLanguage":"es","@id":"https:\/\/infonia.esap.edu.co\/index.php\/infonia-estadisiticas\/#primaryimage","url":"https:\/\/infonia.esap.edu.co\/wp-content\/uploads\/2024\/08\/dataesap.png","contentUrl":"https:\/\/infonia.esap.edu.co\/wp-content\/uploads\/2024\/08\/dataesap.png","width":760,"height":190},{"@type":"BreadcrumbList","@id":"https:\/\/infonia.esap.edu.co\/index.php\/infonia-estadisiticas\/#breadcrumb","itemListElement":[{"@type":"ListItem","position":1,"name":"Inicio","item":"https:\/\/infonia.esap.edu.co\/"},{"@type":"ListItem","position":2,"name":"DataESAP"}]},{"@type":"WebSite","@id":"https:\/\/infonia.esap.edu.co\/#website","url":"https:\/\/infonia.esap.edu.co\/","name":"INFONIA GesCo+I","description":"Infonia ESAP","publisher":{"@id":"https:\/\/infonia.esap.edu.co\/#organization"},"alternateName":"Gesti\u00f3n del Conocimiento y la Innovaci\u00f3n GesCo+I","potentialAction":[{"@type":"SearchAction","target":{"@type":"EntryPoint","urlTemplate":"https:\/\/infonia.esap.edu.co\/?s={search_term_string}"},"query-input":{"@type":"PropertyValueSpecification","valueRequired":true,"valueName":"search_term_string"}}],"inLanguage":"es"},{"@type":"Organization","@id":"https:\/\/infonia.esap.edu.co\/#organization","name":"Gesti\u00f3n del Conocimiento y la Innovaci\u00f3n GesCo+I","url":"https:\/\/infonia.esap.edu.co\/","logo":{"@type":"ImageObject","inLanguage":"es","@id":"https:\/\/infonia.esap.edu.co\/#\/schema\/logo\/image\/","url":"https:\/\/infonia.esap.edu.co\/wp-content\/uploads\/2024\/06\/cropped-cropped-LOGO_INFONIA_2024.png","contentUrl":"https:\/\/infonia.esap.edu.co\/wp-content\/uploads\/2024\/06\/cropped-cropped-LOGO_INFONIA_2024.png","width":1068,"height":470,"caption":"Gesti\u00f3n del Conocimiento y la Innovaci\u00f3n GesCo+I"},"image":{"@id":"https:\/\/infonia.esap.edu.co\/#\/schema\/logo\/image\/"}}]}},"_links":{"self":[{"href":"https:\/\/infonia.esap.edu.co\/index.php\/wp-json\/wp\/v2\/pages\/83","targetHints":{"allow":["GET"]}}],"collection":[{"href":"https:\/\/infonia.esap.edu.co\/index.php\/wp-json\/wp\/v2\/pages"}],"about":[{"href":"https:\/\/infonia.esap.edu.co\/index.php\/wp-json\/wp\/v2\/types\/page"}],"author":[{"embeddable":true,"href":"https:\/\/infonia.esap.edu.co\/index.php\/wp-json\/wp\/v2\/users\/2"}],"replies":[{"embeddable":true,"href":"https:\/\/infonia.esap.edu.co\/index.php\/wp-json\/wp\/v2\/comments?post=83"}],"version-history":[{"count":6,"href":"https:\/\/infonia.esap.edu.co\/index.php\/wp-json\/wp\/v2\/pages\/83\/revisions"}],"predecessor-version":[{"id":785,"href":"https:\/\/infonia.esap.edu.co\/index.php\/wp-json\/wp\/v2\/pages\/83\/revisions\/785"}],"wp:attachment":[{"href":"https:\/\/infonia.esap.edu.co\/index.php\/wp-json\/wp\/v2\/media?parent=83"}],"curies":[{"name":"wp","href":"https:\/\/api.w.org\/{rel}","templated":true}]}}