{"id":933,"date":"2025-12-18T15:04:06","date_gmt":"2025-12-18T20:04:06","guid":{"rendered":"https:\/\/infonia.esap.edu.co\/?page_id=933"},"modified":"2025-12-18T15:32:33","modified_gmt":"2025-12-18T20:32:33","slug":"labtdia","status":"publish","type":"page","link":"https:\/\/infonia.esap.edu.co\/index.php\/innovaesap\/tendencias-mundiales-en-administracion-publica\/labtdia\/","title":{"rendered":"Laboratorio de Transformaci\u00f3n Digital e Inteligencia Artificial en la Administraci\u00f3n P\u00fablica"},"content":{"rendered":"\t\t<div data-elementor-type=\"wp-page\" data-elementor-id=\"933\" class=\"elementor elementor-933\" data-elementor-post-type=\"page\">\n\t\t\t\t<div class=\"elementor-element elementor-element-81668e2 e-flex e-con-boxed e-con e-parent\" data-id=\"81668e2\" data-element_type=\"container\">\n\t\t\t\t\t<div class=\"e-con-inner\">\n\t\t\t\t<div class=\"elementor-element elementor-element-058e40b elementor-widget elementor-widget-text-editor\" data-id=\"058e40b\" data-element_type=\"widget\" data-widget_type=\"text-editor.default\">\n\t\t\t\t<div class=\"elementor-widget-container\">\n\t\t\t\t\t\t\t\t\t<p>Es una iniciativa de la ESAP que busca modernizar la gesti\u00f3n p\u00fablica mediante la incorporaci\u00f3n de tecnolog\u00edas emergentes y el uso \u00e9tico de la inteligencia artificial. Su prop\u00f3sito es:<\/p>\t\t\t\t\t\t\t\t<\/div>\n\t\t\t\t<\/div>\n\t\t\t\t<div class=\"elementor-element elementor-element-ddee1a1 elementor-icon-list--layout-traditional elementor-list-item-link-full_width elementor-widget elementor-widget-icon-list\" data-id=\"ddee1a1\" data-element_type=\"widget\" data-widget_type=\"icon-list.default\">\n\t\t\t\t<div class=\"elementor-widget-container\">\n\t\t\t\t\t\t\t<ul class=\"elementor-icon-list-items\">\n\t\t\t\t\t\t\t<li class=\"elementor-icon-list-item\">\n\t\t\t\t\t\t\t\t\t\t\t<span class=\"elementor-icon-list-icon\">\n\t\t\t\t\t\t\t<svg aria-hidden=\"true\" class=\"e-font-icon-svg e-fas-check\" viewBox=\"0 0 512 512\" xmlns=\"http:\/\/www.w3.org\/2000\/svg\"><path d=\"M173.898 439.404l-166.4-166.4c-9.997-9.997-9.997-26.206 0-36.204l36.203-36.204c9.997-9.998 26.207-9.998 36.204 0L192 312.69 432.095 72.596c9.997-9.997 26.207-9.997 36.204 0l36.203 36.204c9.997 9.997 9.997 26.206 0 36.204l-294.4 294.401c-9.998 9.997-26.207 9.997-36.204-.001z\"><\/path><\/svg>\t\t\t\t\t\t<\/span>\n\t\t\t\t\t\t\t\t\t\t<span class=\"elementor-icon-list-text\">Dise\u00f1ar e implementar un espacio para investigaci\u00f3n aplicada, formaci\u00f3n especializada y experimentaci\u00f3n tecnol\u00f3gica.<\/span>\n\t\t\t\t\t\t\t\t\t<\/li>\n\t\t\t\t\t\t\t\t<li class=\"elementor-icon-list-item\">\n\t\t\t\t\t\t\t\t\t\t\t<span class=\"elementor-icon-list-icon\">\n\t\t\t\t\t\t\t<svg aria-hidden=\"true\" class=\"e-font-icon-svg e-fas-check\" viewBox=\"0 0 512 512\" xmlns=\"http:\/\/www.w3.org\/2000\/svg\"><path d=\"M173.898 439.404l-166.4-166.4c-9.997-9.997-9.997-26.206 0-36.204l36.203-36.204c9.997-9.998 26.207-9.998 36.204 0L192 312.69 432.095 72.596c9.997-9.997 26.207-9.997 36.204 0l36.203 36.204c9.997 9.997 9.997 26.206 0 36.204l-294.4 294.401c-9.998 9.997-26.207 9.997-36.204-.001z\"><\/path><\/svg>\t\t\t\t\t\t<\/span>\n\t\t\t\t\t\t\t\t\t\t<span class=\"elementor-icon-list-text\">Potenciar la ense\u00f1anza y la innovaci\u00f3n en administraci\u00f3n p\u00fablica, alineando procesos acad\u00e9micos y administrativos con la revoluci\u00f3n digital 4.0.<\/span>\n\t\t\t\t\t\t\t\t\t<\/li>\n\t\t\t\t\t\t\t\t<li class=\"elementor-icon-list-item\">\n\t\t\t\t\t\t\t\t\t\t\t<span class=\"elementor-icon-list-icon\">\n\t\t\t\t\t\t\t<svg aria-hidden=\"true\" class=\"e-font-icon-svg e-fas-check\" viewBox=\"0 0 512 512\" xmlns=\"http:\/\/www.w3.org\/2000\/svg\"><path d=\"M173.898 439.404l-166.4-166.4c-9.997-9.997-9.997-26.206 0-36.204l36.203-36.204c9.997-9.998 26.207-9.998 36.204 0L192 312.69 432.095 72.596c9.997-9.997 26.207-9.997 36.204 0l36.203 36.204c9.997 9.997 9.997 26.206 0 36.204l-294.4 294.401c-9.998 9.997-26.207 9.997-36.204-.001z\"><\/path><\/svg>\t\t\t\t\t\t<\/span>\n\t\t\t\t\t\t\t\t\t\t<span class=\"elementor-icon-list-text\">Aplicar el modelo del Hex\u00e1gono de Innovaci\u00f3n P\u00fablica (HIP), que integra apertura institucional, transversalidad, agilidad, prototipado, colaboraci\u00f3n y apropiaci\u00f3n tecnol\u00f3gica.<\/span>\n\t\t\t\t\t\t\t\t\t<\/li>\n\t\t\t\t\t\t\t\t<li class=\"elementor-icon-list-item\">\n\t\t\t\t\t\t\t\t\t\t\t<span class=\"elementor-icon-list-icon\">\n\t\t\t\t\t\t\t<svg aria-hidden=\"true\" class=\"e-font-icon-svg e-fas-check\" viewBox=\"0 0 512 512\" xmlns=\"http:\/\/www.w3.org\/2000\/svg\"><path d=\"M173.898 439.404l-166.4-166.4c-9.997-9.997-9.997-26.206 0-36.204l36.203-36.204c9.997-9.998 26.207-9.998 36.204 0L192 312.69 432.095 72.596c9.997-9.997 26.207-9.997 36.204 0l36.203 36.204c9.997 9.997 9.997 26.206 0 36.204l-294.4 294.401c-9.998 9.997-26.207 9.997-36.204-.001z\"><\/path><\/svg>\t\t\t\t\t\t<\/span>\n\t\t\t\t\t\t\t\t\t\t<span class=\"elementor-icon-list-text\">Articular actores clave (estudiantes, docentes, administrativos) en comunidades de pr\u00e1ctica y talleres, promoviendo competencias digitales y gobernanza abierta.<\/span>\n\t\t\t\t\t\t\t\t\t<\/li>\n\t\t\t\t\t\t<\/ul>\n\t\t\t\t\t\t<\/div>\n\t\t\t\t<\/div>\n\t\t\t\t<div class=\"elementor-element elementor-element-665341b elementor-widget elementor-widget-text-editor\" data-id=\"665341b\" data-element_type=\"widget\" data-widget_type=\"text-editor.default\">\n\t\t\t\t<div class=\"elementor-widget-container\">\n\t\t\t\t\t\t\t\t\tEn s\u00edntesis, el laboratorio es un ecosistema de innovaci\u00f3n que busca fortalecer la gesti\u00f3n del conocimiento, la investigaci\u00f3n y la formaci\u00f3n en la ESAP, contribuyendo a la transformaci\u00f3n digital del Estado colombiano\t\t\t\t\t\t\t\t<\/div>\n\t\t\t\t<\/div>\n\t\t\t\t\t<\/div>\n\t\t\t\t<\/div>\n\t\t\t\t<\/div>\n\t\t","protected":false},"excerpt":{"rendered":"<p>Es una iniciativa de la ESAP que busca modernizar la gesti\u00f3n p\u00fablica mediante la incorporaci\u00f3n de tecnolog\u00edas emergentes y el uso \u00e9tico de la inteligencia artificial. Su prop\u00f3sito es: Dise\u00f1ar e implementar un espacio para investigaci\u00f3n aplicada, formaci\u00f3n especializada y experimentaci\u00f3n tecnol\u00f3gica. Potenciar la ense\u00f1anza y la innovaci\u00f3n en administraci\u00f3n p\u00fablica, alineando procesos acad\u00e9micos y [&hellip;]<\/p>\n","protected":false},"author":2,"featured_media":0,"parent":418,"menu_order":0,"comment_status":"closed","ping_status":"closed","template":"","meta":{"ocean_post_layout":"","ocean_both_sidebars_style":"","ocean_both_sidebars_content_width":0,"ocean_both_sidebars_sidebars_width":0,"ocean_sidebar":"","ocean_second_sidebar":"","ocean_disable_margins":"enable","ocean_add_body_class":"","ocean_shortcode_before_top_bar":"","ocean_shortcode_after_top_bar":"","ocean_shortcode_before_header":"","ocean_shortcode_after_header":"","ocean_has_shortcode":"","ocean_shortcode_after_title":"","ocean_shortcode_before_footer_widgets":"","ocean_shortcode_after_footer_widgets":"","ocean_shortcode_before_footer_bottom":"","ocean_shortcode_after_footer_bottom":"","ocean_display_top_bar":"default","ocean_display_header":"default","ocean_header_style":"","ocean_center_header_left_menu":"","ocean_custom_header_template":"","ocean_custom_logo":0,"ocean_custom_retina_logo":0,"ocean_custom_logo_max_width":0,"ocean_custom_logo_tablet_max_width":0,"ocean_custom_logo_mobile_max_width":0,"ocean_custom_logo_max_height":0,"ocean_custom_logo_tablet_max_height":0,"ocean_custom_logo_mobile_max_height":0,"ocean_header_custom_menu":"","ocean_menu_typo_font_family":"","ocean_menu_typo_font_subset":"","ocean_menu_typo_font_size":0,"ocean_menu_typo_font_size_tablet":0,"ocean_menu_typo_font_size_mobile":0,"ocean_menu_typo_font_size_unit":"px","ocean_menu_typo_font_weight":"","ocean_menu_typo_font_weight_tablet":"","ocean_menu_typo_font_weight_mobile":"","ocean_menu_typo_transform":"","ocean_menu_typo_transform_tablet":"","ocean_menu_typo_transform_mobile":"","ocean_menu_typo_line_height":0,"ocean_menu_typo_line_height_tablet":0,"ocean_menu_typo_line_height_mobile":0,"ocean_menu_typo_line_height_unit":"","ocean_menu_typo_spacing":0,"ocean_menu_typo_spacing_tablet":0,"ocean_menu_typo_spacing_mobile":0,"ocean_menu_typo_spacing_unit":"","ocean_menu_link_color":"","ocean_menu_link_color_hover":"","ocean_menu_link_color_active":"","ocean_menu_link_background":"","ocean_menu_link_hover_background":"","ocean_menu_link_active_background":"","ocean_menu_social_links_bg":"","ocean_menu_social_hover_links_bg":"","ocean_menu_social_links_color":"","ocean_menu_social_hover_links_color":"","ocean_disable_title":"default","ocean_disable_heading":"default","ocean_post_title":"","ocean_post_subheading":"","ocean_post_title_style":"","ocean_post_title_background_color":"","ocean_post_title_background":0,"ocean_post_title_bg_image_position":"","ocean_post_title_bg_image_attachment":"","ocean_post_title_bg_image_repeat":"","ocean_post_title_bg_image_size":"","ocean_post_title_height":0,"ocean_post_title_bg_overlay":0.5,"ocean_post_title_bg_overlay_color":"","ocean_disable_breadcrumbs":"default","ocean_breadcrumbs_color":"","ocean_breadcrumbs_separator_color":"","ocean_breadcrumbs_links_color":"","ocean_breadcrumbs_links_hover_color":"","ocean_display_footer_widgets":"default","ocean_display_footer_bottom":"default","ocean_custom_footer_template":"","footnotes":""},"class_list":["post-933","page","type-page","status-publish","hentry","entry"],"yoast_head":"<!-- This site is optimized with the Yoast SEO plugin v25.9 - https:\/\/yoast.com\/wordpress\/plugins\/seo\/ -->\n<title>Laboratorio de Transformaci\u00f3n Digital e Inteligencia Artificial en la Administraci\u00f3n P\u00fablica - INFONIA<\/title>\n<meta name=\"robots\" content=\"index, follow, max-snippet:-1, max-image-preview:large, max-video-preview:-1\" \/>\n<link rel=\"canonical\" href=\"https:\/\/infonia.esap.edu.co\/index.php\/innovaesap\/tendencias-mundiales-en-administracion-publica\/labtdia\/\" \/>\n<meta property=\"og:locale\" content=\"es_ES\" \/>\n<meta property=\"og:type\" content=\"article\" \/>\n<meta property=\"og:title\" content=\"Laboratorio de Transformaci\u00f3n Digital e Inteligencia Artificial en la Administraci\u00f3n P\u00fablica - INFONIA\" \/>\n<meta property=\"og:description\" content=\"Es una iniciativa de la ESAP que busca modernizar la gesti\u00f3n p\u00fablica mediante la incorporaci\u00f3n de tecnolog\u00edas emergentes y el uso \u00e9tico de la inteligencia artificial. Su prop\u00f3sito es: Dise\u00f1ar e implementar un espacio para investigaci\u00f3n aplicada, formaci\u00f3n especializada y experimentaci\u00f3n tecnol\u00f3gica. Potenciar la ense\u00f1anza y la innovaci\u00f3n en administraci\u00f3n p\u00fablica, alineando procesos acad\u00e9micos y [&hellip;]\" \/>\n<meta property=\"og:url\" content=\"https:\/\/infonia.esap.edu.co\/index.php\/innovaesap\/tendencias-mundiales-en-administracion-publica\/labtdia\/\" \/>\n<meta property=\"og:site_name\" content=\"INFONIA\" \/>\n<meta property=\"article:modified_time\" content=\"2025-12-18T20:32:33+00:00\" \/>\n<meta name=\"twitter:card\" content=\"summary_large_image\" \/>\n<meta name=\"twitter:label1\" content=\"Tiempo de lectura\" \/>\n\t<meta name=\"twitter:data1\" content=\"1 minuto\" \/>\n<script type=\"application\/ld+json\" class=\"yoast-schema-graph\">{\"@context\":\"https:\/\/schema.org\",\"@graph\":[{\"@type\":\"WebPage\",\"@id\":\"https:\/\/infonia.esap.edu.co\/index.php\/innovaesap\/tendencias-mundiales-en-administracion-publica\/labtdia\/\",\"url\":\"https:\/\/infonia.esap.edu.co\/index.php\/innovaesap\/tendencias-mundiales-en-administracion-publica\/labtdia\/\",\"name\":\"Laboratorio de Transformaci\u00f3n Digital e Inteligencia Artificial en la Administraci\u00f3n P\u00fablica - INFONIA\",\"isPartOf\":{\"@id\":\"https:\/\/infonia.esap.edu.co\/#website\"},\"datePublished\":\"2025-12-18T20:04:06+00:00\",\"dateModified\":\"2025-12-18T20:32:33+00:00\",\"breadcrumb\":{\"@id\":\"https:\/\/infonia.esap.edu.co\/index.php\/innovaesap\/tendencias-mundiales-en-administracion-publica\/labtdia\/#breadcrumb\"},\"inLanguage\":\"es\",\"potentialAction\":[{\"@type\":\"ReadAction\",\"target\":[\"https:\/\/infonia.esap.edu.co\/index.php\/innovaesap\/tendencias-mundiales-en-administracion-publica\/labtdia\/\"]}]},{\"@type\":\"BreadcrumbList\",\"@id\":\"https:\/\/infonia.esap.edu.co\/index.php\/innovaesap\/tendencias-mundiales-en-administracion-publica\/labtdia\/#breadcrumb\",\"itemListElement\":[{\"@type\":\"ListItem\",\"position\":1,\"name\":\"Inicio\",\"item\":\"https:\/\/infonia.esap.edu.co\/\"},{\"@type\":\"ListItem\",\"position\":2,\"name\":\"InnovaESAP\",\"item\":\"https:\/\/infonia.esap.edu.co\/index.php\/innovaesap\/\"},{\"@type\":\"ListItem\",\"position\":3,\"name\":\"Tendencias a Ecosistema de Innovaci\u00f3n\",\"item\":\"https:\/\/infonia.esap.edu.co\/index.php\/innovaesap\/tendencias-mundiales-en-administracion-publica\/\"},{\"@type\":\"ListItem\",\"position\":4,\"name\":\"Laboratorio de Transformaci\u00f3n Digital e Inteligencia Artificial en la Administraci\u00f3n P\u00fablica\"}]},{\"@type\":\"WebSite\",\"@id\":\"https:\/\/infonia.esap.edu.co\/#website\",\"url\":\"https:\/\/infonia.esap.edu.co\/\",\"name\":\"INFONIA GesCo+I\",\"description\":\"Infonia ESAP\",\"publisher\":{\"@id\":\"https:\/\/infonia.esap.edu.co\/#organization\"},\"alternateName\":\"Gesti\u00f3n del Conocimiento y la Innovaci\u00f3n GesCo+I\",\"potentialAction\":[{\"@type\":\"SearchAction\",\"target\":{\"@type\":\"EntryPoint\",\"urlTemplate\":\"https:\/\/infonia.esap.edu.co\/?s={search_term_string}\"},\"query-input\":{\"@type\":\"PropertyValueSpecification\",\"valueRequired\":true,\"valueName\":\"search_term_string\"}}],\"inLanguage\":\"es\"},{\"@type\":\"Organization\",\"@id\":\"https:\/\/infonia.esap.edu.co\/#organization\",\"name\":\"Gesti\u00f3n del Conocimiento y la Innovaci\u00f3n GesCo+I\",\"url\":\"https:\/\/infonia.esap.edu.co\/\",\"logo\":{\"@type\":\"ImageObject\",\"inLanguage\":\"es\",\"@id\":\"https:\/\/infonia.esap.edu.co\/#\/schema\/logo\/image\/\",\"url\":\"https:\/\/infonia.esap.edu.co\/wp-content\/uploads\/2024\/06\/cropped-cropped-LOGO_INFONIA_2024.png\",\"contentUrl\":\"https:\/\/infonia.esap.edu.co\/wp-content\/uploads\/2024\/06\/cropped-cropped-LOGO_INFONIA_2024.png\",\"width\":1068,\"height\":470,\"caption\":\"Gesti\u00f3n del Conocimiento y la Innovaci\u00f3n GesCo+I\"},\"image\":{\"@id\":\"https:\/\/infonia.esap.edu.co\/#\/schema\/logo\/image\/\"}}]}<\/script>\n<!-- \/ Yoast SEO plugin. -->","yoast_head_json":{"title":"Laboratorio de Transformaci\u00f3n Digital e Inteligencia Artificial en la Administraci\u00f3n P\u00fablica - INFONIA","robots":{"index":"index","follow":"follow","max-snippet":"max-snippet:-1","max-image-preview":"max-image-preview:large","max-video-preview":"max-video-preview:-1"},"canonical":"https:\/\/infonia.esap.edu.co\/index.php\/innovaesap\/tendencias-mundiales-en-administracion-publica\/labtdia\/","og_locale":"es_ES","og_type":"article","og_title":"Laboratorio de Transformaci\u00f3n Digital e Inteligencia Artificial en la Administraci\u00f3n P\u00fablica - INFONIA","og_description":"Es una iniciativa de la ESAP que busca modernizar la gesti\u00f3n p\u00fablica mediante la incorporaci\u00f3n de tecnolog\u00edas emergentes y el uso \u00e9tico de la inteligencia artificial. Su prop\u00f3sito es: Dise\u00f1ar e implementar un espacio para investigaci\u00f3n aplicada, formaci\u00f3n especializada y experimentaci\u00f3n tecnol\u00f3gica. Potenciar la ense\u00f1anza y la innovaci\u00f3n en administraci\u00f3n p\u00fablica, alineando procesos acad\u00e9micos y [&hellip;]","og_url":"https:\/\/infonia.esap.edu.co\/index.php\/innovaesap\/tendencias-mundiales-en-administracion-publica\/labtdia\/","og_site_name":"INFONIA","article_modified_time":"2025-12-18T20:32:33+00:00","twitter_card":"summary_large_image","twitter_misc":{"Tiempo de lectura":"1 minuto"},"schema":{"@context":"https:\/\/schema.org","@graph":[{"@type":"WebPage","@id":"https:\/\/infonia.esap.edu.co\/index.php\/innovaesap\/tendencias-mundiales-en-administracion-publica\/labtdia\/","url":"https:\/\/infonia.esap.edu.co\/index.php\/innovaesap\/tendencias-mundiales-en-administracion-publica\/labtdia\/","name":"Laboratorio de Transformaci\u00f3n Digital e Inteligencia Artificial en la Administraci\u00f3n P\u00fablica - INFONIA","isPartOf":{"@id":"https:\/\/infonia.esap.edu.co\/#website"},"datePublished":"2025-12-18T20:04:06+00:00","dateModified":"2025-12-18T20:32:33+00:00","breadcrumb":{"@id":"https:\/\/infonia.esap.edu.co\/index.php\/innovaesap\/tendencias-mundiales-en-administracion-publica\/labtdia\/#breadcrumb"},"inLanguage":"es","potentialAction":[{"@type":"ReadAction","target":["https:\/\/infonia.esap.edu.co\/index.php\/innovaesap\/tendencias-mundiales-en-administracion-publica\/labtdia\/"]}]},{"@type":"BreadcrumbList","@id":"https:\/\/infonia.esap.edu.co\/index.php\/innovaesap\/tendencias-mundiales-en-administracion-publica\/labtdia\/#breadcrumb","itemListElement":[{"@type":"ListItem","position":1,"name":"Inicio","item":"https:\/\/infonia.esap.edu.co\/"},{"@type":"ListItem","position":2,"name":"InnovaESAP","item":"https:\/\/infonia.esap.edu.co\/index.php\/innovaesap\/"},{"@type":"ListItem","position":3,"name":"Tendencias a Ecosistema de Innovaci\u00f3n","item":"https:\/\/infonia.esap.edu.co\/index.php\/innovaesap\/tendencias-mundiales-en-administracion-publica\/"},{"@type":"ListItem","position":4,"name":"Laboratorio de Transformaci\u00f3n Digital e Inteligencia Artificial en la Administraci\u00f3n P\u00fablica"}]},{"@type":"WebSite","@id":"https:\/\/infonia.esap.edu.co\/#website","url":"https:\/\/infonia.esap.edu.co\/","name":"INFONIA GesCo+I","description":"Infonia ESAP","publisher":{"@id":"https:\/\/infonia.esap.edu.co\/#organization"},"alternateName":"Gesti\u00f3n del Conocimiento y la Innovaci\u00f3n GesCo+I","potentialAction":[{"@type":"SearchAction","target":{"@type":"EntryPoint","urlTemplate":"https:\/\/infonia.esap.edu.co\/?s={search_term_string}"},"query-input":{"@type":"PropertyValueSpecification","valueRequired":true,"valueName":"search_term_string"}}],"inLanguage":"es"},{"@type":"Organization","@id":"https:\/\/infonia.esap.edu.co\/#organization","name":"Gesti\u00f3n del Conocimiento y la Innovaci\u00f3n GesCo+I","url":"https:\/\/infonia.esap.edu.co\/","logo":{"@type":"ImageObject","inLanguage":"es","@id":"https:\/\/infonia.esap.edu.co\/#\/schema\/logo\/image\/","url":"https:\/\/infonia.esap.edu.co\/wp-content\/uploads\/2024\/06\/cropped-cropped-LOGO_INFONIA_2024.png","contentUrl":"https:\/\/infonia.esap.edu.co\/wp-content\/uploads\/2024\/06\/cropped-cropped-LOGO_INFONIA_2024.png","width":1068,"height":470,"caption":"Gesti\u00f3n del Conocimiento y la Innovaci\u00f3n GesCo+I"},"image":{"@id":"https:\/\/infonia.esap.edu.co\/#\/schema\/logo\/image\/"}}]}},"_links":{"self":[{"href":"https:\/\/infonia.esap.edu.co\/index.php\/wp-json\/wp\/v2\/pages\/933","targetHints":{"allow":["GET"]}}],"collection":[{"href":"https:\/\/infonia.esap.edu.co\/index.php\/wp-json\/wp\/v2\/pages"}],"about":[{"href":"https:\/\/infonia.esap.edu.co\/index.php\/wp-json\/wp\/v2\/types\/page"}],"author":[{"embeddable":true,"href":"https:\/\/infonia.esap.edu.co\/index.php\/wp-json\/wp\/v2\/users\/2"}],"replies":[{"embeddable":true,"href":"https:\/\/infonia.esap.edu.co\/index.php\/wp-json\/wp\/v2\/comments?post=933"}],"version-history":[{"count":4,"href":"https:\/\/infonia.esap.edu.co\/index.php\/wp-json\/wp\/v2\/pages\/933\/revisions"}],"predecessor-version":[{"id":937,"href":"https:\/\/infonia.esap.edu.co\/index.php\/wp-json\/wp\/v2\/pages\/933\/revisions\/937"}],"up":[{"embeddable":true,"href":"https:\/\/infonia.esap.edu.co\/index.php\/wp-json\/wp\/v2\/pages\/418"}],"wp:attachment":[{"href":"https:\/\/infonia.esap.edu.co\/index.php\/wp-json\/wp\/v2\/media?parent=933"}],"curies":[{"name":"wp","href":"https:\/\/api.w.org\/{rel}","templated":true}]}}